{"id":5050,"date":"2026-02-20T13:10:47","date_gmt":"2026-02-20T12:10:47","guid":{"rendered":"https:\/\/teodorabcn.com\/?post_type=product&#038;p=5050"},"modified":"2026-02-20T13:13:08","modified_gmt":"2026-02-20T12:13:08","slug":"cask-3","status":"publish","type":"product","link":"https:\/\/teodorabcn.com\/ca\/producte\/cask-3\/","title":{"rendered":"Cask"},"content":{"rendered":"<p data-path-to-node=\"3\">La cama redonda Cask traslada la calidez y el dise\u00f1o ic\u00f3nico de su colecci\u00f3n a un formato pensado para el relax absoluto en exteriores. Dise\u00f1ada por <b data-path-to-node=\"3\" data-index-in-node=\"157\">Norm Architects<\/b>, esta pieza se distingue por su estructura envolvente de perfiles curvos que crean un refugio de confort y sofisticaci\u00f3n en cualquier zona de jard\u00edn o piscina.<\/p>\n<p data-path-to-node=\"4\">La base est\u00e1 fabricada en <b data-path-to-node=\"4\" data-index-in-node=\"26\">tubo de aluminio de alta resistencia<\/b>, ofreciendo una estructura ligera pero extremadamente robusta frente a las condiciones clim\u00e1ticas m\u00e1s exigentes. El sistema de descanso se define por su <b data-path-to-node=\"4\" data-index-in-node=\"216\">posibilidad de personalizaci\u00f3n total<\/b>, permitiendo elegir entre una extensa gama de tejidos t\u00e9cnicos espec\u00edficamente tratados para ser totalmente aptos para exteriores sin perder su suavidad.<\/p>","protected":false},"excerpt":{"rendered":"<p>La cama redonda Cask traslada la calidez y el dise\u00f1o ic\u00f3nico de su colecci\u00f3n a un formato pensado para el relax absoluto en exteriores. Dise\u00f1ada por Norm Architects, esta pieza se distingue por su estructura envolvente de perfiles curvos que crean un refugio de confort y sofisticaci\u00f3n en cualquier zona de jard\u00edn o piscina. La [&hellip;]<\/p>","protected":false},"featured_media":5040,"comment_status":"closed","ping_status":"closed","template":"","meta":[],"product_brand":[134,52],"product_cat":[162],"product_tag":[],"class_list":{"0":"post-5050","1":"product","2":"type-product","3":"status-publish","4":"has-post-thumbnail","6":"product_brand-cask-outdoor","7":"product_brand-expormim","8":"product_cat-tumbona","10":"first","11":"instock","12":"shipping-taxable","13":"product-type-simple"},"yoast_head":"<!-- This site is optimized with the Yoast SEO plugin v26.6 - https:\/\/yoast.com\/wordpress\/plugins\/seo\/ -->\n<title>Cask - Teodora<\/title>\n<meta name=\"description\" content=\"Cama redonda Cask con estructura envolvente de aluminio y tapicer\u00eda t\u00e9cnica personalizable que aporta dise\u00f1o y relax absoluto para tu terraza.\" \/>\n<meta name=\"robots\" content=\"index, follow, max-snippet:-1, max-image-preview:large, max-video-preview:-1\" \/>\n<link rel=\"canonical\" href=\"https:\/\/teodorabcn.com\/ca\/producte\/cask-3\/\" \/>\n<meta property=\"og:locale\" content=\"ca_ES\" \/>\n<meta property=\"og:type\" content=\"article\" \/>\n<meta property=\"og:title\" content=\"Cask - Teodora\" \/>\n<meta property=\"og:description\" content=\"Cama redonda Cask con estructura envolvente de aluminio y tapicer\u00eda t\u00e9cnica personalizable que aporta dise\u00f1o y relax absoluto para tu terraza.\" \/>\n<meta property=\"og:url\" content=\"https:\/\/teodorabcn.com\/ca\/producte\/cask-3\/\" \/>\n<meta property=\"og:site_name\" content=\"Teodora\" \/>\n<meta property=\"article:publisher\" content=\"https:\/\/www.facebook.com\/profile.php?id=61550838347854\" \/>\n<meta property=\"article:modified_time\" content=\"2026-02-20T12:13:08+00:00\" \/>\n<meta property=\"og:image\" content=\"https:\/\/teodorabcn.com\/wp-content\/uploads\/2026\/02\/Tumbona-redonda-Cask.png\" \/>\n\t<meta property=\"og:image:width\" content=\"960\" \/>\n\t<meta property=\"og:image:height\" content=\"1200\" \/>\n\t<meta property=\"og:image:type\" content=\"image\/png\" \/>\n<meta name=\"twitter:card\" content=\"summary_large_image\" \/>\n<meta name=\"twitter:label1\" content=\"Temps estimat de lectura\" \/>\n\t<meta name=\"twitter:data1\" content=\"1 minut\" \/>\n<script type=\"application\/ld+json\" class=\"yoast-schema-graph\">{\"@context\":\"https:\/\/schema.org\",\"@graph\":[{\"@type\":\"WebPage\",\"@id\":\"https:\/\/teodorabcn.com\/producto\/cask-3\/\",\"url\":\"https:\/\/teodorabcn.com\/producto\/cask-3\/\",\"name\":\"Cask - Teodora\",\"isPartOf\":{\"@id\":\"https:\/\/teodorabcn.com\/#website\"},\"primaryImageOfPage\":{\"@id\":\"https:\/\/teodorabcn.com\/producto\/cask-3\/#primaryimage\"},\"image\":{\"@id\":\"https:\/\/teodorabcn.com\/producto\/cask-3\/#primaryimage\"},\"thumbnailUrl\":\"https:\/\/teodorabcn.com\/wp-content\/uploads\/2026\/02\/Tumbona-redonda-Cask.png\",\"datePublished\":\"2026-02-20T12:10:47+00:00\",\"dateModified\":\"2026-02-20T12:13:08+00:00\",\"description\":\"Cama redonda Cask con estructura envolvente de aluminio y tapicer\u00eda t\u00e9cnica personalizable que aporta dise\u00f1o y relax absoluto para tu terraza.\",\"breadcrumb\":{\"@id\":\"https:\/\/teodorabcn.com\/producto\/cask-3\/#breadcrumb\"},\"inLanguage\":\"ca\",\"potentialAction\":[{\"@type\":\"ReadAction\",\"target\":[\"https:\/\/teodorabcn.com\/producto\/cask-3\/\"]}]},{\"@type\":\"ImageObject\",\"inLanguage\":\"ca\",\"@id\":\"https:\/\/teodorabcn.com\/producto\/cask-3\/#primaryimage\",\"url\":\"https:\/\/teodorabcn.com\/wp-content\/uploads\/2026\/02\/Tumbona-redonda-Cask.png\",\"contentUrl\":\"https:\/\/teodorabcn.com\/wp-content\/uploads\/2026\/02\/Tumbona-redonda-Cask.png\",\"width\":960,\"height\":1200,\"caption\":\"Tumbona redonda Cask\"},{\"@type\":\"BreadcrumbList\",\"@id\":\"https:\/\/teodorabcn.com\/producto\/cask-3\/#breadcrumb\",\"itemListElement\":[{\"@type\":\"ListItem\",\"position\":1,\"name\":\"Portada\",\"item\":\"https:\/\/teodorabcn.com\/\"},{\"@type\":\"ListItem\",\"position\":2,\"name\":\"Shop\",\"item\":\"https:\/\/teodorabcn.com\/shop\/\"},{\"@type\":\"ListItem\",\"position\":3,\"name\":\"Cask\"}]},{\"@type\":\"WebSite\",\"@id\":\"https:\/\/teodorabcn.com\/#website\",\"url\":\"https:\/\/teodorabcn.com\/\",\"name\":\"Teodora Exteriorismo\",\"description\":\"Creamos terrazas y jardines con car\u00e1cter.\",\"publisher\":{\"@id\":\"https:\/\/teodorabcn.com\/#organization\"},\"alternateName\":\"Teodora\",\"potentialAction\":[{\"@type\":\"SearchAction\",\"target\":{\"@type\":\"EntryPoint\",\"urlTemplate\":\"https:\/\/teodorabcn.com\/?s={search_term_string}\"},\"query-input\":{\"@type\":\"PropertyValueSpecification\",\"valueRequired\":true,\"valueName\":\"search_term_string\"}}],\"inLanguage\":\"ca\"},{\"@type\":\"Organization\",\"@id\":\"https:\/\/teodorabcn.com\/#organization\",\"name\":\"Teodora Exteriorismo\",\"alternateName\":\"Teodora\",\"url\":\"https:\/\/teodorabcn.com\/\",\"logo\":{\"@type\":\"ImageObject\",\"inLanguage\":\"ca\",\"@id\":\"https:\/\/teodorabcn.com\/#\/schema\/logo\/image\/\",\"url\":\"https:\/\/teodorabcn.com\/wp-content\/uploads\/2023\/10\/Teodora_logo-_EXT-Ok-ESP-e1706538305612.jpg\",\"contentUrl\":\"https:\/\/teodorabcn.com\/wp-content\/uploads\/2023\/10\/Teodora_logo-_EXT-Ok-ESP-e1706538305612.jpg\",\"width\":1540,\"height\":573,\"caption\":\"Teodora Exteriorismo\"},\"image\":{\"@id\":\"https:\/\/teodorabcn.com\/#\/schema\/logo\/image\/\"},\"sameAs\":[\"https:\/\/www.facebook.com\/profile.php?id=61550838347854\",\"https:\/\/www.instagram.com\/teodora.exteriorismo\/?hl=es\",\"https:\/\/www.pinterest.es\/teodora_exteriorismo\/\",\"https:\/\/www.linkedin.com\/company\/teodora-bcn-exteriorismo\/\"]}]}<\/script>\n<!-- \/ Yoast SEO plugin. -->","yoast_head_json":{"title":"Cask - Teodora","description":"Cama redonda Cask con estructura envolvente de aluminio y tapicer\u00eda t\u00e9cnica personalizable que aporta dise\u00f1o y relax absoluto para tu terraza.","robots":{"index":"index","follow":"follow","max-snippet":"max-snippet:-1","max-image-preview":"max-image-preview:large","max-video-preview":"max-video-preview:-1"},"canonical":"https:\/\/teodorabcn.com\/ca\/producte\/cask-3\/","og_locale":"ca_ES","og_type":"article","og_title":"Cask - Teodora","og_description":"Cama redonda Cask con estructura envolvente de aluminio y tapicer\u00eda t\u00e9cnica personalizable que aporta dise\u00f1o y relax absoluto para tu terraza.","og_url":"https:\/\/teodorabcn.com\/ca\/producte\/cask-3\/","og_site_name":"Teodora","article_publisher":"https:\/\/www.facebook.com\/profile.php?id=61550838347854","article_modified_time":"2026-02-20T12:13:08+00:00","og_image":[{"width":960,"height":1200,"url":"https:\/\/teodorabcn.com\/wp-content\/uploads\/2026\/02\/Tumbona-redonda-Cask.png","type":"image\/png"}],"twitter_card":"summary_large_image","twitter_misc":{"Temps estimat de lectura":"1 minut"},"schema":{"@context":"https:\/\/schema.org","@graph":[{"@type":"WebPage","@id":"https:\/\/teodorabcn.com\/producto\/cask-3\/","url":"https:\/\/teodorabcn.com\/producto\/cask-3\/","name":"Cask - Teodora","isPartOf":{"@id":"https:\/\/teodorabcn.com\/#website"},"primaryImageOfPage":{"@id":"https:\/\/teodorabcn.com\/producto\/cask-3\/#primaryimage"},"image":{"@id":"https:\/\/teodorabcn.com\/producto\/cask-3\/#primaryimage"},"thumbnailUrl":"https:\/\/teodorabcn.com\/wp-content\/uploads\/2026\/02\/Tumbona-redonda-Cask.png","datePublished":"2026-02-20T12:10:47+00:00","dateModified":"2026-02-20T12:13:08+00:00","description":"Cama redonda Cask con estructura envolvente de aluminio y tapicer\u00eda t\u00e9cnica personalizable que aporta dise\u00f1o y relax absoluto para tu terraza.","breadcrumb":{"@id":"https:\/\/teodorabcn.com\/producto\/cask-3\/#breadcrumb"},"inLanguage":"ca","potentialAction":[{"@type":"ReadAction","target":["https:\/\/teodorabcn.com\/producto\/cask-3\/"]}]},{"@type":"ImageObject","inLanguage":"ca","@id":"https:\/\/teodorabcn.com\/producto\/cask-3\/#primaryimage","url":"https:\/\/teodorabcn.com\/wp-content\/uploads\/2026\/02\/Tumbona-redonda-Cask.png","contentUrl":"https:\/\/teodorabcn.com\/wp-content\/uploads\/2026\/02\/Tumbona-redonda-Cask.png","width":960,"height":1200,"caption":"Tumbona redonda Cask"},{"@type":"BreadcrumbList","@id":"https:\/\/teodorabcn.com\/producto\/cask-3\/#breadcrumb","itemListElement":[{"@type":"ListItem","position":1,"name":"Portada","item":"https:\/\/teodorabcn.com\/"},{"@type":"ListItem","position":2,"name":"Shop","item":"https:\/\/teodorabcn.com\/shop\/"},{"@type":"ListItem","position":3,"name":"Cask"}]},{"@type":"WebSite","@id":"https:\/\/teodorabcn.com\/#website","url":"https:\/\/teodorabcn.com\/","name":"Teodora Exteriorisme","description":"Creamos terrazas y jardines con car\u00e1cter.","publisher":{"@id":"https:\/\/teodorabcn.com\/#organization"},"alternateName":"Teodora","potentialAction":[{"@type":"SearchAction","target":{"@type":"EntryPoint","urlTemplate":"https:\/\/teodorabcn.com\/?s={search_term_string}"},"query-input":{"@type":"PropertyValueSpecification","valueRequired":true,"valueName":"search_term_string"}}],"inLanguage":"ca"},{"@type":"Organization","@id":"https:\/\/teodorabcn.com\/#organization","name":"Teodora Exteriorisme","alternateName":"Teodora","url":"https:\/\/teodorabcn.com\/","logo":{"@type":"ImageObject","inLanguage":"ca","@id":"https:\/\/teodorabcn.com\/#\/schema\/logo\/image\/","url":"https:\/\/teodorabcn.com\/wp-content\/uploads\/2023\/10\/Teodora_logo-_EXT-Ok-ESP-e1706538305612.jpg","contentUrl":"https:\/\/teodorabcn.com\/wp-content\/uploads\/2023\/10\/Teodora_logo-_EXT-Ok-ESP-e1706538305612.jpg","width":1540,"height":573,"caption":"Teodora Exteriorismo"},"image":{"@id":"https:\/\/teodorabcn.com\/#\/schema\/logo\/image\/"},"sameAs":["https:\/\/www.facebook.com\/profile.php?id=61550838347854","https:\/\/www.instagram.com\/teodora.exteriorismo\/?hl=es","https:\/\/www.pinterest.es\/teodora_exteriorismo\/","https:\/\/www.linkedin.com\/company\/teodora-bcn-exteriorismo\/"]}]}},"_links":{"self":[{"href":"https:\/\/teodorabcn.com\/ca\/wp-json\/wp\/v2\/product\/5050","targetHints":{"allow":["GET"]}}],"collection":[{"href":"https:\/\/teodorabcn.com\/ca\/wp-json\/wp\/v2\/product"}],"about":[{"href":"https:\/\/teodorabcn.com\/ca\/wp-json\/wp\/v2\/types\/product"}],"replies":[{"embeddable":true,"href":"https:\/\/teodorabcn.com\/ca\/wp-json\/wp\/v2\/comments?post=5050"}],"wp:featuredmedia":[{"embeddable":true,"href":"https:\/\/teodorabcn.com\/ca\/wp-json\/wp\/v2\/media\/5040"}],"wp:attachment":[{"href":"https:\/\/teodorabcn.com\/ca\/wp-json\/wp\/v2\/media?parent=5050"}],"wp:term":[{"taxonomy":"product_brand","embeddable":true,"href":"https:\/\/teodorabcn.com\/ca\/wp-json\/wp\/v2\/product_brand?post=5050"},{"taxonomy":"product_cat","embeddable":true,"href":"https:\/\/teodorabcn.com\/ca\/wp-json\/wp\/v2\/product_cat?post=5050"},{"taxonomy":"product_tag","embeddable":true,"href":"https:\/\/teodorabcn.com\/ca\/wp-json\/wp\/v2\/product_tag?post=5050"}],"curies":[{"name":"wp","href":"https:\/\/api.w.org\/{rel}","templated":true}]}}