{"id":5019,"date":"2026-02-20T11:50:47","date_gmt":"2026-02-20T10:50:47","guid":{"rendered":"https:\/\/teodorabcn.com\/?post_type=product&#038;p=5019"},"modified":"2026-02-20T12:06:45","modified_gmt":"2026-02-20T11:06:45","slug":"obi","status":"publish","type":"product","link":"https:\/\/teodorabcn.com\/ca\/producte\/obi\/","title":{"rendered":"Obi"},"content":{"rendered":"<p data-path-to-node=\"3\">El sill\u00f3n Obi se presenta como una pieza de gran volumen y ligereza visual, dise\u00f1ada para ofrecer una experiencia de confort envolvente en espacios al aire libre. Creado por <b data-path-to-node=\"3\" data-index-in-node=\"174\">Ludovica + Roberto Palomba<\/b>, este sill\u00f3n destaca por su estructura de l\u00edneas arquitect\u00f3nicas que incorpora una banda de tejido t\u00e9cnico Zander, aportando un detalle distintivo y sofisticado al dise\u00f1o.<\/p>\n<p data-path-to-node=\"4\">La base est\u00e1 fabricada en <b data-path-to-node=\"4\" data-index-in-node=\"26\">perfiler\u00eda de aluminio de alta resistencia<\/b> con patas de inyecci\u00f3n, garantizando una durabilidad extrema frente a la corrosi\u00f3n gracias a su acabado en pintura de polvo de poli\u00e9ster. Su configuraci\u00f3n permite una personalizaci\u00f3n total, combinando una estructura s\u00f3lida con una amplia variedad de tejidos t\u00e9cnicos espec\u00edficamente desarrollados para resistir las condiciones clim\u00e1ticas m\u00e1s exigentes sin renunciar a la suavidad.<\/p>","protected":false},"excerpt":{"rendered":"<p>El sill\u00f3n Obi se presenta como una pieza de gran volumen y ligereza visual, dise\u00f1ada para ofrecer una experiencia de confort envolvente en espacios al aire libre. Creado por Ludovica + Roberto Palomba, este sill\u00f3n destaca por su estructura de l\u00edneas arquitect\u00f3nicas que incorpora una banda de tejido t\u00e9cnico Zander, aportando un detalle distintivo y [&hellip;]<\/p>","protected":false},"featured_media":5020,"comment_status":"closed","ping_status":"closed","template":"","meta":[],"product_brand":[120,52],"product_cat":[160],"product_tag":[],"class_list":{"0":"post-5019","1":"product","2":"type-product","3":"status-publish","4":"has-post-thumbnail","6":"product_brand-bare","7":"product_brand-expormim","8":"product_cat-sillon","10":"first","11":"instock","12":"shipping-taxable","13":"product-type-simple"},"yoast_head":"<!-- This site is optimized with the Yoast SEO plugin v26.6 - https:\/\/yoast.com\/wordpress\/plugins\/seo\/ -->\n<title>Obi - Teodora<\/title>\n<meta name=\"description\" content=\"Sill\u00f3n Obi de Ludovica + Roberto Palomba con estructura de aluminio que ofrece un dise\u00f1o envolvente y m\u00e1xima resistencia para tu terraza.\" \/>\n<meta name=\"robots\" content=\"index, follow, max-snippet:-1, max-image-preview:large, max-video-preview:-1\" \/>\n<link rel=\"canonical\" href=\"https:\/\/teodorabcn.com\/ca\/producte\/obi\/\" \/>\n<meta property=\"og:locale\" content=\"ca_ES\" \/>\n<meta property=\"og:type\" content=\"article\" \/>\n<meta property=\"og:title\" content=\"Obi - Teodora\" \/>\n<meta property=\"og:description\" content=\"Sill\u00f3n Obi de Ludovica + Roberto Palomba con estructura de aluminio que ofrece un dise\u00f1o envolvente y m\u00e1xima resistencia para tu terraza.\" \/>\n<meta property=\"og:url\" content=\"https:\/\/teodorabcn.com\/ca\/producte\/obi\/\" \/>\n<meta property=\"og:site_name\" content=\"Teodora\" \/>\n<meta property=\"article:publisher\" content=\"https:\/\/www.facebook.com\/profile.php?id=61550838347854\" \/>\n<meta property=\"article:modified_time\" content=\"2026-02-20T11:06:45+00:00\" \/>\n<meta property=\"og:image\" content=\"https:\/\/teodorabcn.com\/wp-content\/uploads\/2026\/02\/Sillon-Obi-exterior.png\" \/>\n\t<meta property=\"og:image:width\" content=\"960\" \/>\n\t<meta property=\"og:image:height\" content=\"1200\" \/>\n\t<meta property=\"og:image:type\" content=\"image\/png\" \/>\n<meta name=\"twitter:card\" content=\"summary_large_image\" \/>\n<meta name=\"twitter:label1\" content=\"Temps estimat de lectura\" \/>\n\t<meta name=\"twitter:data1\" content=\"1 minut\" \/>\n<script type=\"application\/ld+json\" class=\"yoast-schema-graph\">{\"@context\":\"https:\/\/schema.org\",\"@graph\":[{\"@type\":\"WebPage\",\"@id\":\"https:\/\/teodorabcn.com\/producto\/obi\/\",\"url\":\"https:\/\/teodorabcn.com\/producto\/obi\/\",\"name\":\"Obi - Teodora\",\"isPartOf\":{\"@id\":\"https:\/\/teodorabcn.com\/#website\"},\"primaryImageOfPage\":{\"@id\":\"https:\/\/teodorabcn.com\/producto\/obi\/#primaryimage\"},\"image\":{\"@id\":\"https:\/\/teodorabcn.com\/producto\/obi\/#primaryimage\"},\"thumbnailUrl\":\"https:\/\/teodorabcn.com\/wp-content\/uploads\/2026\/02\/Sillon-Obi-exterior.png\",\"datePublished\":\"2026-02-20T10:50:47+00:00\",\"dateModified\":\"2026-02-20T11:06:45+00:00\",\"description\":\"Sill\u00f3n Obi de Ludovica + Roberto Palomba con estructura de aluminio que ofrece un dise\u00f1o envolvente y m\u00e1xima resistencia para tu terraza.\",\"breadcrumb\":{\"@id\":\"https:\/\/teodorabcn.com\/producto\/obi\/#breadcrumb\"},\"inLanguage\":\"ca\",\"potentialAction\":[{\"@type\":\"ReadAction\",\"target\":[\"https:\/\/teodorabcn.com\/producto\/obi\/\"]}]},{\"@type\":\"ImageObject\",\"inLanguage\":\"ca\",\"@id\":\"https:\/\/teodorabcn.com\/producto\/obi\/#primaryimage\",\"url\":\"https:\/\/teodorabcn.com\/wp-content\/uploads\/2026\/02\/Sillon-Obi-exterior.png\",\"contentUrl\":\"https:\/\/teodorabcn.com\/wp-content\/uploads\/2026\/02\/Sillon-Obi-exterior.png\",\"width\":960,\"height\":1200,\"caption\":\"Sill\u00f3n Obi exterior\"},{\"@type\":\"BreadcrumbList\",\"@id\":\"https:\/\/teodorabcn.com\/producto\/obi\/#breadcrumb\",\"itemListElement\":[{\"@type\":\"ListItem\",\"position\":1,\"name\":\"Portada\",\"item\":\"https:\/\/teodorabcn.com\/\"},{\"@type\":\"ListItem\",\"position\":2,\"name\":\"Shop\",\"item\":\"https:\/\/teodorabcn.com\/shop\/\"},{\"@type\":\"ListItem\",\"position\":3,\"name\":\"Obi\"}]},{\"@type\":\"WebSite\",\"@id\":\"https:\/\/teodorabcn.com\/#website\",\"url\":\"https:\/\/teodorabcn.com\/\",\"name\":\"Teodora Exteriorismo\",\"description\":\"Creamos terrazas y jardines con car\u00e1cter.\",\"publisher\":{\"@id\":\"https:\/\/teodorabcn.com\/#organization\"},\"alternateName\":\"Teodora\",\"potentialAction\":[{\"@type\":\"SearchAction\",\"target\":{\"@type\":\"EntryPoint\",\"urlTemplate\":\"https:\/\/teodorabcn.com\/?s={search_term_string}\"},\"query-input\":{\"@type\":\"PropertyValueSpecification\",\"valueRequired\":true,\"valueName\":\"search_term_string\"}}],\"inLanguage\":\"ca\"},{\"@type\":\"Organization\",\"@id\":\"https:\/\/teodorabcn.com\/#organization\",\"name\":\"Teodora Exteriorismo\",\"alternateName\":\"Teodora\",\"url\":\"https:\/\/teodorabcn.com\/\",\"logo\":{\"@type\":\"ImageObject\",\"inLanguage\":\"ca\",\"@id\":\"https:\/\/teodorabcn.com\/#\/schema\/logo\/image\/\",\"url\":\"https:\/\/teodorabcn.com\/wp-content\/uploads\/2023\/10\/Teodora_logo-_EXT-Ok-ESP-e1706538305612.jpg\",\"contentUrl\":\"https:\/\/teodorabcn.com\/wp-content\/uploads\/2023\/10\/Teodora_logo-_EXT-Ok-ESP-e1706538305612.jpg\",\"width\":1540,\"height\":573,\"caption\":\"Teodora Exteriorismo\"},\"image\":{\"@id\":\"https:\/\/teodorabcn.com\/#\/schema\/logo\/image\/\"},\"sameAs\":[\"https:\/\/www.facebook.com\/profile.php?id=61550838347854\",\"https:\/\/www.instagram.com\/teodora.exteriorismo\/?hl=es\",\"https:\/\/www.pinterest.es\/teodora_exteriorismo\/\",\"https:\/\/www.linkedin.com\/company\/teodora-bcn-exteriorismo\/\"]}]}<\/script>\n<!-- \/ Yoast SEO plugin. -->","yoast_head_json":{"title":"Obi - Teodora","description":"Sill\u00f3n Obi de Ludovica + Roberto Palomba con estructura de aluminio que ofrece un dise\u00f1o envolvente y m\u00e1xima resistencia para tu terraza.","robots":{"index":"index","follow":"follow","max-snippet":"max-snippet:-1","max-image-preview":"max-image-preview:large","max-video-preview":"max-video-preview:-1"},"canonical":"https:\/\/teodorabcn.com\/ca\/producte\/obi\/","og_locale":"ca_ES","og_type":"article","og_title":"Obi - Teodora","og_description":"Sill\u00f3n Obi de Ludovica + Roberto Palomba con estructura de aluminio que ofrece un dise\u00f1o envolvente y m\u00e1xima resistencia para tu terraza.","og_url":"https:\/\/teodorabcn.com\/ca\/producte\/obi\/","og_site_name":"Teodora","article_publisher":"https:\/\/www.facebook.com\/profile.php?id=61550838347854","article_modified_time":"2026-02-20T11:06:45+00:00","og_image":[{"width":960,"height":1200,"url":"https:\/\/teodorabcn.com\/wp-content\/uploads\/2026\/02\/Sillon-Obi-exterior.png","type":"image\/png"}],"twitter_card":"summary_large_image","twitter_misc":{"Temps estimat de lectura":"1 minut"},"schema":{"@context":"https:\/\/schema.org","@graph":[{"@type":"WebPage","@id":"https:\/\/teodorabcn.com\/producto\/obi\/","url":"https:\/\/teodorabcn.com\/producto\/obi\/","name":"Obi - Teodora","isPartOf":{"@id":"https:\/\/teodorabcn.com\/#website"},"primaryImageOfPage":{"@id":"https:\/\/teodorabcn.com\/producto\/obi\/#primaryimage"},"image":{"@id":"https:\/\/teodorabcn.com\/producto\/obi\/#primaryimage"},"thumbnailUrl":"https:\/\/teodorabcn.com\/wp-content\/uploads\/2026\/02\/Sillon-Obi-exterior.png","datePublished":"2026-02-20T10:50:47+00:00","dateModified":"2026-02-20T11:06:45+00:00","description":"Sill\u00f3n Obi de Ludovica + Roberto Palomba con estructura de aluminio que ofrece un dise\u00f1o envolvente y m\u00e1xima resistencia para tu terraza.","breadcrumb":{"@id":"https:\/\/teodorabcn.com\/producto\/obi\/#breadcrumb"},"inLanguage":"ca","potentialAction":[{"@type":"ReadAction","target":["https:\/\/teodorabcn.com\/producto\/obi\/"]}]},{"@type":"ImageObject","inLanguage":"ca","@id":"https:\/\/teodorabcn.com\/producto\/obi\/#primaryimage","url":"https:\/\/teodorabcn.com\/wp-content\/uploads\/2026\/02\/Sillon-Obi-exterior.png","contentUrl":"https:\/\/teodorabcn.com\/wp-content\/uploads\/2026\/02\/Sillon-Obi-exterior.png","width":960,"height":1200,"caption":"Sill\u00f3n Obi exterior"},{"@type":"BreadcrumbList","@id":"https:\/\/teodorabcn.com\/producto\/obi\/#breadcrumb","itemListElement":[{"@type":"ListItem","position":1,"name":"Portada","item":"https:\/\/teodorabcn.com\/"},{"@type":"ListItem","position":2,"name":"Shop","item":"https:\/\/teodorabcn.com\/shop\/"},{"@type":"ListItem","position":3,"name":"Obi"}]},{"@type":"WebSite","@id":"https:\/\/teodorabcn.com\/#website","url":"https:\/\/teodorabcn.com\/","name":"Teodora Exteriorisme","description":"Creamos terrazas y jardines con car\u00e1cter.","publisher":{"@id":"https:\/\/teodorabcn.com\/#organization"},"alternateName":"Teodora","potentialAction":[{"@type":"SearchAction","target":{"@type":"EntryPoint","urlTemplate":"https:\/\/teodorabcn.com\/?s={search_term_string}"},"query-input":{"@type":"PropertyValueSpecification","valueRequired":true,"valueName":"search_term_string"}}],"inLanguage":"ca"},{"@type":"Organization","@id":"https:\/\/teodorabcn.com\/#organization","name":"Teodora Exteriorisme","alternateName":"Teodora","url":"https:\/\/teodorabcn.com\/","logo":{"@type":"ImageObject","inLanguage":"ca","@id":"https:\/\/teodorabcn.com\/#\/schema\/logo\/image\/","url":"https:\/\/teodorabcn.com\/wp-content\/uploads\/2023\/10\/Teodora_logo-_EXT-Ok-ESP-e1706538305612.jpg","contentUrl":"https:\/\/teodorabcn.com\/wp-content\/uploads\/2023\/10\/Teodora_logo-_EXT-Ok-ESP-e1706538305612.jpg","width":1540,"height":573,"caption":"Teodora Exteriorismo"},"image":{"@id":"https:\/\/teodorabcn.com\/#\/schema\/logo\/image\/"},"sameAs":["https:\/\/www.facebook.com\/profile.php?id=61550838347854","https:\/\/www.instagram.com\/teodora.exteriorismo\/?hl=es","https:\/\/www.pinterest.es\/teodora_exteriorismo\/","https:\/\/www.linkedin.com\/company\/teodora-bcn-exteriorismo\/"]}]}},"_links":{"self":[{"href":"https:\/\/teodorabcn.com\/ca\/wp-json\/wp\/v2\/product\/5019","targetHints":{"allow":["GET"]}}],"collection":[{"href":"https:\/\/teodorabcn.com\/ca\/wp-json\/wp\/v2\/product"}],"about":[{"href":"https:\/\/teodorabcn.com\/ca\/wp-json\/wp\/v2\/types\/product"}],"replies":[{"embeddable":true,"href":"https:\/\/teodorabcn.com\/ca\/wp-json\/wp\/v2\/comments?post=5019"}],"wp:featuredmedia":[{"embeddable":true,"href":"https:\/\/teodorabcn.com\/ca\/wp-json\/wp\/v2\/media\/5020"}],"wp:attachment":[{"href":"https:\/\/teodorabcn.com\/ca\/wp-json\/wp\/v2\/media?parent=5019"}],"wp:term":[{"taxonomy":"product_brand","embeddable":true,"href":"https:\/\/teodorabcn.com\/ca\/wp-json\/wp\/v2\/product_brand?post=5019"},{"taxonomy":"product_cat","embeddable":true,"href":"https:\/\/teodorabcn.com\/ca\/wp-json\/wp\/v2\/product_cat?post=5019"},{"taxonomy":"product_tag","embeddable":true,"href":"https:\/\/teodorabcn.com\/ca\/wp-json\/wp\/v2\/product_tag?post=5019"}],"curies":[{"name":"wp","href":"https:\/\/api.w.org\/{rel}","templated":true}]}}