{"id":4948,"date":"2026-02-19T16:10:49","date_gmt":"2026-02-19T15:10:49","guid":{"rendered":"https:\/\/teodorabcn.com\/?post_type=product&#038;p=4948"},"modified":"2026-02-19T16:44:07","modified_gmt":"2026-02-19T15:44:07","slug":"talo-mesas-de-centro-de-exterior","status":"publish","type":"product","link":"https:\/\/teodorabcn.com\/ca\/producte\/talo-mesas-de-centro-de-exterior\/","title":{"rendered":"Talo"},"content":{"rendered":"<p data-path-to-node=\"2\">Los centros de mesa Talo se definen por una geometr\u00eda pura que resalta la fuerza del material en el espacio exterior. Dise\u00f1ado por <strong>Altherr D\u00e9sile Park<\/strong>, este conjunto hexagonal funciona como un elemento de peso visual y equilibrio, capaz de organizar zonas de estancia con una <strong>est\u00e9tica p\u00e9trea<\/strong> i <strong>contempor\u00e1nea<\/strong>.<\/p>\n<p data-path-to-node=\"3\">Cada pieza est\u00e1 fabricada en <strong>cemento UHPC<\/strong>, un compuesto de alto rendimiento que mezcla minerales naturales y fibras org\u00e1nicas para lograr una resistencia excepcional frente a la intemperie y el paso del tiempo. Su dise\u00f1o monol\u00edtico ofrece una superficie s\u00f3lida y funcional en <strong>diferentes alturas<\/strong> i <strong>formatos<\/strong>, con la opci\u00f3n de a\u00f1adir una<strong> tapa de cristal<\/strong> templado para un acabado m\u00e1s refinado.<\/p>","protected":false},"excerpt":{"rendered":"<p>Los centros de mesa Talo se definen por una geometr\u00eda pura que resalta la fuerza del material en el espacio exterior. Dise\u00f1ado por Altherr D\u00e9sile Park, este conjunto hexagonal funciona como un elemento de peso visual y equilibrio, capaz de organizar zonas de estancia con una est\u00e9tica p\u00e9trea y contempor\u00e1nea. Cada pieza est\u00e1 fabricada en [&hellip;]<\/p>","protected":false},"featured_media":4962,"comment_status":"closed","ping_status":"closed","template":"","meta":[],"product_brand":[52,113],"product_cat":[158],"product_tag":[],"class_list":{"0":"post-4948","1":"product","2":"type-product","3":"status-publish","4":"has-post-thumbnail","6":"product_brand-expormim","7":"product_brand-talo","8":"product_cat-mesa-de-centro","10":"first","11":"instock","12":"shipping-taxable","13":"product-type-simple"},"yoast_head":"<!-- This site is optimized with the Yoast SEO plugin v26.6 - https:\/\/yoast.com\/wordpress\/plugins\/seo\/ -->\n<title>Talo - Teodora<\/title>\n<meta name=\"description\" content=\"Mesas de centro Talo en cemento UHPC hexagonales para aportar una est\u00e9tica mineral y durabilidad extrema a proyectos de exteriorismo.\" \/>\n<meta name=\"robots\" content=\"index, follow, max-snippet:-1, max-image-preview:large, max-video-preview:-1\" \/>\n<link rel=\"canonical\" href=\"https:\/\/teodorabcn.com\/ca\/producte\/talo-mesas-de-centro-de-exterior\/\" \/>\n<meta property=\"og:locale\" content=\"ca_ES\" \/>\n<meta property=\"og:type\" content=\"article\" \/>\n<meta property=\"og:title\" content=\"Talo - Teodora\" \/>\n<meta property=\"og:description\" content=\"Mesas de centro Talo en cemento UHPC hexagonales para aportar una est\u00e9tica mineral y durabilidad extrema a proyectos de exteriorismo.\" \/>\n<meta property=\"og:url\" content=\"https:\/\/teodorabcn.com\/ca\/producte\/talo-mesas-de-centro-de-exterior\/\" \/>\n<meta property=\"og:site_name\" content=\"Teodora\" \/>\n<meta property=\"article:publisher\" content=\"https:\/\/www.facebook.com\/profile.php?id=61550838347854\" \/>\n<meta property=\"article:modified_time\" content=\"2026-02-19T15:44:07+00:00\" \/>\n<meta property=\"og:image\" content=\"https:\/\/teodorabcn.com\/wp-content\/uploads\/2026\/02\/Talo-Centro-de-mesa-exterior-7.png\" \/>\n\t<meta property=\"og:image:width\" content=\"960\" \/>\n\t<meta property=\"og:image:height\" content=\"1200\" \/>\n\t<meta property=\"og:image:type\" content=\"image\/png\" \/>\n<meta name=\"twitter:card\" content=\"summary_large_image\" \/>\n<meta name=\"twitter:label1\" content=\"Temps estimat de lectura\" \/>\n\t<meta name=\"twitter:data1\" content=\"1 minut\" \/>\n<script type=\"application\/ld+json\" class=\"yoast-schema-graph\">{\"@context\":\"https:\/\/schema.org\",\"@graph\":[{\"@type\":\"WebPage\",\"@id\":\"https:\/\/teodorabcn.com\/producto\/talo-mesas-de-centro-de-exterior\/\",\"url\":\"https:\/\/teodorabcn.com\/producto\/talo-mesas-de-centro-de-exterior\/\",\"name\":\"Talo - Teodora\",\"isPartOf\":{\"@id\":\"https:\/\/teodorabcn.com\/#website\"},\"primaryImageOfPage\":{\"@id\":\"https:\/\/teodorabcn.com\/producto\/talo-mesas-de-centro-de-exterior\/#primaryimage\"},\"image\":{\"@id\":\"https:\/\/teodorabcn.com\/producto\/talo-mesas-de-centro-de-exterior\/#primaryimage\"},\"thumbnailUrl\":\"https:\/\/teodorabcn.com\/wp-content\/uploads\/2026\/02\/Talo-Centro-de-mesa-exterior-7.png\",\"datePublished\":\"2026-02-19T15:10:49+00:00\",\"dateModified\":\"2026-02-19T15:44:07+00:00\",\"description\":\"Mesas de centro Talo en cemento UHPC hexagonales para aportar una est\u00e9tica mineral y durabilidad extrema a proyectos de exteriorismo.\",\"breadcrumb\":{\"@id\":\"https:\/\/teodorabcn.com\/producto\/talo-mesas-de-centro-de-exterior\/#breadcrumb\"},\"inLanguage\":\"ca\",\"potentialAction\":[{\"@type\":\"ReadAction\",\"target\":[\"https:\/\/teodorabcn.com\/producto\/talo-mesas-de-centro-de-exterior\/\"]}]},{\"@type\":\"ImageObject\",\"inLanguage\":\"ca\",\"@id\":\"https:\/\/teodorabcn.com\/producto\/talo-mesas-de-centro-de-exterior\/#primaryimage\",\"url\":\"https:\/\/teodorabcn.com\/wp-content\/uploads\/2026\/02\/Talo-Centro-de-mesa-exterior-7.png\",\"contentUrl\":\"https:\/\/teodorabcn.com\/wp-content\/uploads\/2026\/02\/Talo-Centro-de-mesa-exterior-7.png\",\"width\":960,\"height\":1200,\"caption\":\"Talo Centro de mesa exterior\"},{\"@type\":\"BreadcrumbList\",\"@id\":\"https:\/\/teodorabcn.com\/producto\/talo-mesas-de-centro-de-exterior\/#breadcrumb\",\"itemListElement\":[{\"@type\":\"ListItem\",\"position\":1,\"name\":\"Portada\",\"item\":\"https:\/\/teodorabcn.com\/\"},{\"@type\":\"ListItem\",\"position\":2,\"name\":\"Shop\",\"item\":\"https:\/\/teodorabcn.com\/shop\/\"},{\"@type\":\"ListItem\",\"position\":3,\"name\":\"Talo\"}]},{\"@type\":\"WebSite\",\"@id\":\"https:\/\/teodorabcn.com\/#website\",\"url\":\"https:\/\/teodorabcn.com\/\",\"name\":\"Teodora Exteriorismo\",\"description\":\"Creamos terrazas y jardines con car\u00e1cter.\",\"publisher\":{\"@id\":\"https:\/\/teodorabcn.com\/#organization\"},\"alternateName\":\"Teodora\",\"potentialAction\":[{\"@type\":\"SearchAction\",\"target\":{\"@type\":\"EntryPoint\",\"urlTemplate\":\"https:\/\/teodorabcn.com\/?s={search_term_string}\"},\"query-input\":{\"@type\":\"PropertyValueSpecification\",\"valueRequired\":true,\"valueName\":\"search_term_string\"}}],\"inLanguage\":\"ca\"},{\"@type\":\"Organization\",\"@id\":\"https:\/\/teodorabcn.com\/#organization\",\"name\":\"Teodora Exteriorismo\",\"alternateName\":\"Teodora\",\"url\":\"https:\/\/teodorabcn.com\/\",\"logo\":{\"@type\":\"ImageObject\",\"inLanguage\":\"ca\",\"@id\":\"https:\/\/teodorabcn.com\/#\/schema\/logo\/image\/\",\"url\":\"https:\/\/teodorabcn.com\/wp-content\/uploads\/2023\/10\/Teodora_logo-_EXT-Ok-ESP-e1706538305612.jpg\",\"contentUrl\":\"https:\/\/teodorabcn.com\/wp-content\/uploads\/2023\/10\/Teodora_logo-_EXT-Ok-ESP-e1706538305612.jpg\",\"width\":1540,\"height\":573,\"caption\":\"Teodora Exteriorismo\"},\"image\":{\"@id\":\"https:\/\/teodorabcn.com\/#\/schema\/logo\/image\/\"},\"sameAs\":[\"https:\/\/www.facebook.com\/profile.php?id=61550838347854\",\"https:\/\/www.instagram.com\/teodora.exteriorismo\/?hl=es\",\"https:\/\/www.pinterest.es\/teodora_exteriorismo\/\",\"https:\/\/www.linkedin.com\/company\/teodora-bcn-exteriorismo\/\"]}]}<\/script>\n<!-- \/ Yoast SEO plugin. -->","yoast_head_json":{"title":"Talo - Teodora","description":"Mesas de centro Talo en cemento UHPC hexagonales para aportar una est\u00e9tica mineral y durabilidad extrema a proyectos de exteriorismo.","robots":{"index":"index","follow":"follow","max-snippet":"max-snippet:-1","max-image-preview":"max-image-preview:large","max-video-preview":"max-video-preview:-1"},"canonical":"https:\/\/teodorabcn.com\/ca\/producte\/talo-mesas-de-centro-de-exterior\/","og_locale":"ca_ES","og_type":"article","og_title":"Talo - Teodora","og_description":"Mesas de centro Talo en cemento UHPC hexagonales para aportar una est\u00e9tica mineral y durabilidad extrema a proyectos de exteriorismo.","og_url":"https:\/\/teodorabcn.com\/ca\/producte\/talo-mesas-de-centro-de-exterior\/","og_site_name":"Teodora","article_publisher":"https:\/\/www.facebook.com\/profile.php?id=61550838347854","article_modified_time":"2026-02-19T15:44:07+00:00","og_image":[{"width":960,"height":1200,"url":"https:\/\/teodorabcn.com\/wp-content\/uploads\/2026\/02\/Talo-Centro-de-mesa-exterior-7.png","type":"image\/png"}],"twitter_card":"summary_large_image","twitter_misc":{"Temps estimat de lectura":"1 minut"},"schema":{"@context":"https:\/\/schema.org","@graph":[{"@type":"WebPage","@id":"https:\/\/teodorabcn.com\/producto\/talo-mesas-de-centro-de-exterior\/","url":"https:\/\/teodorabcn.com\/producto\/talo-mesas-de-centro-de-exterior\/","name":"Talo - Teodora","isPartOf":{"@id":"https:\/\/teodorabcn.com\/#website"},"primaryImageOfPage":{"@id":"https:\/\/teodorabcn.com\/producto\/talo-mesas-de-centro-de-exterior\/#primaryimage"},"image":{"@id":"https:\/\/teodorabcn.com\/producto\/talo-mesas-de-centro-de-exterior\/#primaryimage"},"thumbnailUrl":"https:\/\/teodorabcn.com\/wp-content\/uploads\/2026\/02\/Talo-Centro-de-mesa-exterior-7.png","datePublished":"2026-02-19T15:10:49+00:00","dateModified":"2026-02-19T15:44:07+00:00","description":"Mesas de centro Talo en cemento UHPC hexagonales para aportar una est\u00e9tica mineral y durabilidad extrema a proyectos de exteriorismo.","breadcrumb":{"@id":"https:\/\/teodorabcn.com\/producto\/talo-mesas-de-centro-de-exterior\/#breadcrumb"},"inLanguage":"ca","potentialAction":[{"@type":"ReadAction","target":["https:\/\/teodorabcn.com\/producto\/talo-mesas-de-centro-de-exterior\/"]}]},{"@type":"ImageObject","inLanguage":"ca","@id":"https:\/\/teodorabcn.com\/producto\/talo-mesas-de-centro-de-exterior\/#primaryimage","url":"https:\/\/teodorabcn.com\/wp-content\/uploads\/2026\/02\/Talo-Centro-de-mesa-exterior-7.png","contentUrl":"https:\/\/teodorabcn.com\/wp-content\/uploads\/2026\/02\/Talo-Centro-de-mesa-exterior-7.png","width":960,"height":1200,"caption":"Talo Centro de mesa exterior"},{"@type":"BreadcrumbList","@id":"https:\/\/teodorabcn.com\/producto\/talo-mesas-de-centro-de-exterior\/#breadcrumb","itemListElement":[{"@type":"ListItem","position":1,"name":"Portada","item":"https:\/\/teodorabcn.com\/"},{"@type":"ListItem","position":2,"name":"Shop","item":"https:\/\/teodorabcn.com\/shop\/"},{"@type":"ListItem","position":3,"name":"Talo"}]},{"@type":"WebSite","@id":"https:\/\/teodorabcn.com\/#website","url":"https:\/\/teodorabcn.com\/","name":"Teodora Exteriorisme","description":"Creamos terrazas y jardines con car\u00e1cter.","publisher":{"@id":"https:\/\/teodorabcn.com\/#organization"},"alternateName":"Teodora","potentialAction":[{"@type":"SearchAction","target":{"@type":"EntryPoint","urlTemplate":"https:\/\/teodorabcn.com\/?s={search_term_string}"},"query-input":{"@type":"PropertyValueSpecification","valueRequired":true,"valueName":"search_term_string"}}],"inLanguage":"ca"},{"@type":"Organization","@id":"https:\/\/teodorabcn.com\/#organization","name":"Teodora Exteriorisme","alternateName":"Teodora","url":"https:\/\/teodorabcn.com\/","logo":{"@type":"ImageObject","inLanguage":"ca","@id":"https:\/\/teodorabcn.com\/#\/schema\/logo\/image\/","url":"https:\/\/teodorabcn.com\/wp-content\/uploads\/2023\/10\/Teodora_logo-_EXT-Ok-ESP-e1706538305612.jpg","contentUrl":"https:\/\/teodorabcn.com\/wp-content\/uploads\/2023\/10\/Teodora_logo-_EXT-Ok-ESP-e1706538305612.jpg","width":1540,"height":573,"caption":"Teodora Exteriorismo"},"image":{"@id":"https:\/\/teodorabcn.com\/#\/schema\/logo\/image\/"},"sameAs":["https:\/\/www.facebook.com\/profile.php?id=61550838347854","https:\/\/www.instagram.com\/teodora.exteriorismo\/?hl=es","https:\/\/www.pinterest.es\/teodora_exteriorismo\/","https:\/\/www.linkedin.com\/company\/teodora-bcn-exteriorismo\/"]}]}},"_links":{"self":[{"href":"https:\/\/teodorabcn.com\/ca\/wp-json\/wp\/v2\/product\/4948","targetHints":{"allow":["GET"]}}],"collection":[{"href":"https:\/\/teodorabcn.com\/ca\/wp-json\/wp\/v2\/product"}],"about":[{"href":"https:\/\/teodorabcn.com\/ca\/wp-json\/wp\/v2\/types\/product"}],"replies":[{"embeddable":true,"href":"https:\/\/teodorabcn.com\/ca\/wp-json\/wp\/v2\/comments?post=4948"}],"wp:featuredmedia":[{"embeddable":true,"href":"https:\/\/teodorabcn.com\/ca\/wp-json\/wp\/v2\/media\/4962"}],"wp:attachment":[{"href":"https:\/\/teodorabcn.com\/ca\/wp-json\/wp\/v2\/media?parent=4948"}],"wp:term":[{"taxonomy":"product_brand","embeddable":true,"href":"https:\/\/teodorabcn.com\/ca\/wp-json\/wp\/v2\/product_brand?post=4948"},{"taxonomy":"product_cat","embeddable":true,"href":"https:\/\/teodorabcn.com\/ca\/wp-json\/wp\/v2\/product_cat?post=4948"},{"taxonomy":"product_tag","embeddable":true,"href":"https:\/\/teodorabcn.com\/ca\/wp-json\/wp\/v2\/product_tag?post=4948"}],"curies":[{"name":"wp","href":"https:\/\/api.w.org\/{rel}","templated":true}]}}