{"id":4831,"date":"2025-12-18T13:42:07","date_gmt":"2025-12-18T12:42:07","guid":{"rendered":"https:\/\/teodorabcn.com\/?post_type=product&#038;p=4831"},"modified":"2025-12-23T11:38:33","modified_gmt":"2025-12-23T10:38:33","slug":"silla-luxembourg","status":"publish","type":"product","link":"https:\/\/teodorabcn.com\/ca\/producte\/silla-luxembourg\/","title":{"rendered":"Silla Luxembourg"},"content":{"rendered":"<p data-path-to-node=\"3\">L' <b>silla Luxembourg<\/b> es convertir cualquier terraza o jard\u00edn en un rinc\u00f3n de la \u00abjoie de vivre\u00bb parisina. En 2004, Fermob encarg\u00f3 al dise\u00f1ador <b>Fr\u00e9d\u00e9ric Sofia<\/b> la reinterpretaci\u00f3n de las legendarias sillas del <b>Jardin du Luxembourg<\/b>, creadas originalmente en 1923 por los talleres de la ciudad. El resultado es una colecci\u00f3n de est\u00e9tica refinada y l\u00edneas curvas que encarnan un esp\u00edritu distintivamente franc\u00e9s, donde la tradici\u00f3n y la vanguardia conviven en perfecta armon\u00eda.<\/p>\n<p data-path-to-node=\"4\">Su silueta destaca por la ligereza visual y la resistencia estructural del aluminio, complementada por <b>lamas curvadas<\/b> tanto en el asiento como en el respaldo, dise\u00f1adas para ofrecer una acogida ergon\u00f3mica y confortable sin necesidad de a\u00f1adidos. Gracias a su naturaleza <b>apilable<\/b> (hasta 10 unidades), la silla Luxembourg combina una funcionalidad excepcional con una presencia escult\u00f3rica.<\/p>","protected":false},"excerpt":{"rendered":"<p>La silla Luxembourg es convertir cualquier terraza o jard\u00edn en un rinc\u00f3n de la \u00abjoie de vivre\u00bb parisina. En 2004, Fermob encarg\u00f3 al dise\u00f1ador Fr\u00e9d\u00e9ric Sofia la reinterpretaci\u00f3n de las legendarias sillas del Jardin du Luxembourg, creadas originalmente en 1923 por los talleres de la ciudad. El resultado es una colecci\u00f3n de est\u00e9tica refinada y [&hellip;]<\/p>","protected":false},"featured_media":4915,"comment_status":"closed","ping_status":"closed","template":"","meta":[],"product_brand":[47,128],"product_cat":[159],"product_tag":[],"class_list":{"0":"post-4831","1":"product","2":"type-product","3":"status-publish","4":"has-post-thumbnail","6":"product_brand-fermob","7":"product_brand-luxembourg","8":"product_cat-silla","10":"first","11":"instock","12":"shipping-taxable","13":"product-type-simple"},"yoast_head":"<!-- This site is optimized with the Yoast SEO plugin v26.6 - https:\/\/yoast.com\/wordpress\/plugins\/seo\/ -->\n<title>Silla Luxembourg - Teodora<\/title>\n<meta name=\"description\" content=\"Vive el encanto de Par\u00eds con la silla Luxembourg. Un \u00edcono de exteriorismo en aluminio, dise\u00f1ado por Fr\u00e9d\u00e9ric Sofia para un confort eterno. En Teodora.\" \/>\n<meta name=\"robots\" content=\"index, follow, max-snippet:-1, max-image-preview:large, max-video-preview:-1\" \/>\n<link rel=\"canonical\" href=\"https:\/\/teodorabcn.com\/ca\/producte\/silla-luxembourg\/\" \/>\n<meta property=\"og:locale\" content=\"ca_ES\" \/>\n<meta property=\"og:type\" content=\"article\" \/>\n<meta property=\"og:title\" content=\"Silla Luxembourg - Teodora\" \/>\n<meta property=\"og:description\" content=\"Vive el encanto de Par\u00eds con la silla Luxembourg. Un \u00edcono de exteriorismo en aluminio, dise\u00f1ado por Fr\u00e9d\u00e9ric Sofia para un confort eterno. En Teodora.\" \/>\n<meta property=\"og:url\" content=\"https:\/\/teodorabcn.com\/ca\/producte\/silla-luxembourg\/\" \/>\n<meta property=\"og:site_name\" content=\"Teodora\" \/>\n<meta property=\"article:publisher\" content=\"https:\/\/www.facebook.com\/profile.php?id=61550838347854\" \/>\n<meta property=\"article:modified_time\" content=\"2025-12-23T10:38:33+00:00\" \/>\n<meta property=\"og:image\" content=\"https:\/\/teodorabcn.com\/wp-content\/uploads\/2025\/12\/Silla-Luxembourg.png\" \/>\n\t<meta property=\"og:image:width\" content=\"960\" \/>\n\t<meta property=\"og:image:height\" content=\"1200\" \/>\n\t<meta property=\"og:image:type\" content=\"image\/png\" \/>\n<meta name=\"twitter:card\" content=\"summary_large_image\" \/>\n<meta name=\"twitter:label1\" content=\"Temps estimat de lectura\" \/>\n\t<meta name=\"twitter:data1\" content=\"1 minut\" \/>\n<script type=\"application\/ld+json\" class=\"yoast-schema-graph\">{\"@context\":\"https:\/\/schema.org\",\"@graph\":[{\"@type\":\"WebPage\",\"@id\":\"https:\/\/teodorabcn.com\/producto\/silla-luxembourg\/\",\"url\":\"https:\/\/teodorabcn.com\/producto\/silla-luxembourg\/\",\"name\":\"Silla Luxembourg - Teodora\",\"isPartOf\":{\"@id\":\"https:\/\/teodorabcn.com\/#website\"},\"primaryImageOfPage\":{\"@id\":\"https:\/\/teodorabcn.com\/producto\/silla-luxembourg\/#primaryimage\"},\"image\":{\"@id\":\"https:\/\/teodorabcn.com\/producto\/silla-luxembourg\/#primaryimage\"},\"thumbnailUrl\":\"https:\/\/teodorabcn.com\/wp-content\/uploads\/2025\/12\/Silla-Luxembourg.png\",\"datePublished\":\"2025-12-18T12:42:07+00:00\",\"dateModified\":\"2025-12-23T10:38:33+00:00\",\"description\":\"Vive el encanto de Par\u00eds con la silla Luxembourg. Un \u00edcono de exteriorismo en aluminio, dise\u00f1ado por Fr\u00e9d\u00e9ric Sofia para un confort eterno. En Teodora.\",\"breadcrumb\":{\"@id\":\"https:\/\/teodorabcn.com\/producto\/silla-luxembourg\/#breadcrumb\"},\"inLanguage\":\"ca\",\"potentialAction\":[{\"@type\":\"ReadAction\",\"target\":[\"https:\/\/teodorabcn.com\/producto\/silla-luxembourg\/\"]}]},{\"@type\":\"ImageObject\",\"inLanguage\":\"ca\",\"@id\":\"https:\/\/teodorabcn.com\/producto\/silla-luxembourg\/#primaryimage\",\"url\":\"https:\/\/teodorabcn.com\/wp-content\/uploads\/2025\/12\/Silla-Luxembourg.png\",\"contentUrl\":\"https:\/\/teodorabcn.com\/wp-content\/uploads\/2025\/12\/Silla-Luxembourg.png\",\"width\":960,\"height\":1200,\"caption\":\"Silla Luxembourg\"},{\"@type\":\"BreadcrumbList\",\"@id\":\"https:\/\/teodorabcn.com\/producto\/silla-luxembourg\/#breadcrumb\",\"itemListElement\":[{\"@type\":\"ListItem\",\"position\":1,\"name\":\"Portada\",\"item\":\"https:\/\/teodorabcn.com\/\"},{\"@type\":\"ListItem\",\"position\":2,\"name\":\"Shop\",\"item\":\"https:\/\/teodorabcn.com\/shop\/\"},{\"@type\":\"ListItem\",\"position\":3,\"name\":\"Silla Luxembourg\"}]},{\"@type\":\"WebSite\",\"@id\":\"https:\/\/teodorabcn.com\/#website\",\"url\":\"https:\/\/teodorabcn.com\/\",\"name\":\"Teodora Exteriorismo\",\"description\":\"Creamos terrazas y jardines con car\u00e1cter.\",\"publisher\":{\"@id\":\"https:\/\/teodorabcn.com\/#organization\"},\"alternateName\":\"Teodora\",\"potentialAction\":[{\"@type\":\"SearchAction\",\"target\":{\"@type\":\"EntryPoint\",\"urlTemplate\":\"https:\/\/teodorabcn.com\/?s={search_term_string}\"},\"query-input\":{\"@type\":\"PropertyValueSpecification\",\"valueRequired\":true,\"valueName\":\"search_term_string\"}}],\"inLanguage\":\"ca\"},{\"@type\":\"Organization\",\"@id\":\"https:\/\/teodorabcn.com\/#organization\",\"name\":\"Teodora Exteriorismo\",\"alternateName\":\"Teodora\",\"url\":\"https:\/\/teodorabcn.com\/\",\"logo\":{\"@type\":\"ImageObject\",\"inLanguage\":\"ca\",\"@id\":\"https:\/\/teodorabcn.com\/#\/schema\/logo\/image\/\",\"url\":\"https:\/\/teodorabcn.com\/wp-content\/uploads\/2023\/10\/Teodora_logo-_EXT-Ok-ESP-e1706538305612.jpg\",\"contentUrl\":\"https:\/\/teodorabcn.com\/wp-content\/uploads\/2023\/10\/Teodora_logo-_EXT-Ok-ESP-e1706538305612.jpg\",\"width\":1540,\"height\":573,\"caption\":\"Teodora Exteriorismo\"},\"image\":{\"@id\":\"https:\/\/teodorabcn.com\/#\/schema\/logo\/image\/\"},\"sameAs\":[\"https:\/\/www.facebook.com\/profile.php?id=61550838347854\",\"https:\/\/www.instagram.com\/teodora.exteriorismo\/?hl=es\",\"https:\/\/www.pinterest.es\/teodora_exteriorismo\/\",\"https:\/\/www.linkedin.com\/company\/teodora-bcn-exteriorismo\/\"]}]}<\/script>\n<!-- \/ Yoast SEO plugin. -->","yoast_head_json":{"title":"Silla Luxembourg - Teodora","description":"Vive el encanto de Par\u00eds con la silla Luxembourg. Un \u00edcono de exteriorismo en aluminio, dise\u00f1ado por Fr\u00e9d\u00e9ric Sofia para un confort eterno. En Teodora.","robots":{"index":"index","follow":"follow","max-snippet":"max-snippet:-1","max-image-preview":"max-image-preview:large","max-video-preview":"max-video-preview:-1"},"canonical":"https:\/\/teodorabcn.com\/ca\/producte\/silla-luxembourg\/","og_locale":"ca_ES","og_type":"article","og_title":"Silla Luxembourg - Teodora","og_description":"Vive el encanto de Par\u00eds con la silla Luxembourg. Un \u00edcono de exteriorismo en aluminio, dise\u00f1ado por Fr\u00e9d\u00e9ric Sofia para un confort eterno. En Teodora.","og_url":"https:\/\/teodorabcn.com\/ca\/producte\/silla-luxembourg\/","og_site_name":"Teodora","article_publisher":"https:\/\/www.facebook.com\/profile.php?id=61550838347854","article_modified_time":"2025-12-23T10:38:33+00:00","og_image":[{"width":960,"height":1200,"url":"https:\/\/teodorabcn.com\/wp-content\/uploads\/2025\/12\/Silla-Luxembourg.png","type":"image\/png"}],"twitter_card":"summary_large_image","twitter_misc":{"Temps estimat de lectura":"1 minut"},"schema":{"@context":"https:\/\/schema.org","@graph":[{"@type":"WebPage","@id":"https:\/\/teodorabcn.com\/producto\/silla-luxembourg\/","url":"https:\/\/teodorabcn.com\/producto\/silla-luxembourg\/","name":"Silla Luxembourg - Teodora","isPartOf":{"@id":"https:\/\/teodorabcn.com\/#website"},"primaryImageOfPage":{"@id":"https:\/\/teodorabcn.com\/producto\/silla-luxembourg\/#primaryimage"},"image":{"@id":"https:\/\/teodorabcn.com\/producto\/silla-luxembourg\/#primaryimage"},"thumbnailUrl":"https:\/\/teodorabcn.com\/wp-content\/uploads\/2025\/12\/Silla-Luxembourg.png","datePublished":"2025-12-18T12:42:07+00:00","dateModified":"2025-12-23T10:38:33+00:00","description":"Vive el encanto de Par\u00eds con la silla Luxembourg. Un \u00edcono de exteriorismo en aluminio, dise\u00f1ado por Fr\u00e9d\u00e9ric Sofia para un confort eterno. En Teodora.","breadcrumb":{"@id":"https:\/\/teodorabcn.com\/producto\/silla-luxembourg\/#breadcrumb"},"inLanguage":"ca","potentialAction":[{"@type":"ReadAction","target":["https:\/\/teodorabcn.com\/producto\/silla-luxembourg\/"]}]},{"@type":"ImageObject","inLanguage":"ca","@id":"https:\/\/teodorabcn.com\/producto\/silla-luxembourg\/#primaryimage","url":"https:\/\/teodorabcn.com\/wp-content\/uploads\/2025\/12\/Silla-Luxembourg.png","contentUrl":"https:\/\/teodorabcn.com\/wp-content\/uploads\/2025\/12\/Silla-Luxembourg.png","width":960,"height":1200,"caption":"Silla Luxembourg"},{"@type":"BreadcrumbList","@id":"https:\/\/teodorabcn.com\/producto\/silla-luxembourg\/#breadcrumb","itemListElement":[{"@type":"ListItem","position":1,"name":"Portada","item":"https:\/\/teodorabcn.com\/"},{"@type":"ListItem","position":2,"name":"Shop","item":"https:\/\/teodorabcn.com\/shop\/"},{"@type":"ListItem","position":3,"name":"Silla Luxembourg"}]},{"@type":"WebSite","@id":"https:\/\/teodorabcn.com\/#website","url":"https:\/\/teodorabcn.com\/","name":"Teodora Exteriorisme","description":"Creamos terrazas y jardines con car\u00e1cter.","publisher":{"@id":"https:\/\/teodorabcn.com\/#organization"},"alternateName":"Teodora","potentialAction":[{"@type":"SearchAction","target":{"@type":"EntryPoint","urlTemplate":"https:\/\/teodorabcn.com\/?s={search_term_string}"},"query-input":{"@type":"PropertyValueSpecification","valueRequired":true,"valueName":"search_term_string"}}],"inLanguage":"ca"},{"@type":"Organization","@id":"https:\/\/teodorabcn.com\/#organization","name":"Teodora Exteriorisme","alternateName":"Teodora","url":"https:\/\/teodorabcn.com\/","logo":{"@type":"ImageObject","inLanguage":"ca","@id":"https:\/\/teodorabcn.com\/#\/schema\/logo\/image\/","url":"https:\/\/teodorabcn.com\/wp-content\/uploads\/2023\/10\/Teodora_logo-_EXT-Ok-ESP-e1706538305612.jpg","contentUrl":"https:\/\/teodorabcn.com\/wp-content\/uploads\/2023\/10\/Teodora_logo-_EXT-Ok-ESP-e1706538305612.jpg","width":1540,"height":573,"caption":"Teodora Exteriorismo"},"image":{"@id":"https:\/\/teodorabcn.com\/#\/schema\/logo\/image\/"},"sameAs":["https:\/\/www.facebook.com\/profile.php?id=61550838347854","https:\/\/www.instagram.com\/teodora.exteriorismo\/?hl=es","https:\/\/www.pinterest.es\/teodora_exteriorismo\/","https:\/\/www.linkedin.com\/company\/teodora-bcn-exteriorismo\/"]}]}},"_links":{"self":[{"href":"https:\/\/teodorabcn.com\/ca\/wp-json\/wp\/v2\/product\/4831","targetHints":{"allow":["GET"]}}],"collection":[{"href":"https:\/\/teodorabcn.com\/ca\/wp-json\/wp\/v2\/product"}],"about":[{"href":"https:\/\/teodorabcn.com\/ca\/wp-json\/wp\/v2\/types\/product"}],"replies":[{"embeddable":true,"href":"https:\/\/teodorabcn.com\/ca\/wp-json\/wp\/v2\/comments?post=4831"}],"wp:featuredmedia":[{"embeddable":true,"href":"https:\/\/teodorabcn.com\/ca\/wp-json\/wp\/v2\/media\/4915"}],"wp:attachment":[{"href":"https:\/\/teodorabcn.com\/ca\/wp-json\/wp\/v2\/media?parent=4831"}],"wp:term":[{"taxonomy":"product_brand","embeddable":true,"href":"https:\/\/teodorabcn.com\/ca\/wp-json\/wp\/v2\/product_brand?post=4831"},{"taxonomy":"product_cat","embeddable":true,"href":"https:\/\/teodorabcn.com\/ca\/wp-json\/wp\/v2\/product_cat?post=4831"},{"taxonomy":"product_tag","embeddable":true,"href":"https:\/\/teodorabcn.com\/ca\/wp-json\/wp\/v2\/product_tag?post=4831"}],"curies":[{"name":"wp","href":"https:\/\/api.w.org\/{rel}","templated":true}]}}