{"id":4802,"date":"2025-12-18T08:38:02","date_gmt":"2025-12-18T07:38:02","guid":{"rendered":"https:\/\/teodorabcn.com\/?post_type=product&#038;p=4802"},"modified":"2025-12-18T09:43:56","modified_gmt":"2025-12-18T08:43:56","slug":"talo","status":"publish","type":"product","link":"https:\/\/teodorabcn.com\/ca\/producte\/talo\/","title":{"rendered":"Talo"},"content":{"rendered":"<p data-path-to-node=\"3\">L' <b>mesa hexagonal Talo<\/b> es una pieza de una fuerza visual rotunda, dise\u00f1ada por el prestigioso estudio <b>Altherr D\u00e9sile Park<\/b>. Su geometr\u00eda evoca la solidez de las formaciones geol\u00f3gicas, naciendo del deseo de crear un objeto que se sienta parte integral del paisaje natural.<\/p>\n<p data-path-to-node=\"4\">Su apariencia p\u00e9trea y escultural destaca por el uso de <strong>materiales de alta tecnolog\u00eda<\/strong>, como el compuesto de cemento que garantiza una resistencia excepcional ante las inclemencias del tiempo, manteniendo una textura sofisticada y t\u00e1ctil. La mesa Talo es una declaraci\u00f3n de intenciones: una pieza que equilibra la robustez del material con la ligereza de su dise\u00f1o, elevando el <b>estilo de vida mediterr\u00e1neo<\/b>\u00a0a trav\u00e9s de una est\u00e9tica minimalista y eterna.<\/p>","protected":false},"excerpt":{"rendered":"<p>La mesa hexagonal Talo es una pieza de una fuerza visual rotunda, dise\u00f1ada por el prestigioso estudio Altherr D\u00e9sile Park. Su geometr\u00eda evoca la solidez de las formaciones geol\u00f3gicas, naciendo del deseo de crear un objeto que se sienta parte integral del paisaje natural. Su apariencia p\u00e9trea y escultural destaca por el uso de materiales [&hellip;]<\/p>","protected":false},"featured_media":4811,"comment_status":"closed","ping_status":"closed","template":"","meta":[],"product_brand":[52,113],"product_cat":[157],"product_tag":[],"class_list":{"0":"post-4802","1":"product","2":"type-product","3":"status-publish","4":"has-post-thumbnail","6":"product_brand-expormim","7":"product_brand-talo","8":"product_cat-mesa","10":"first","11":"instock","12":"shipping-taxable","13":"product-type-simple"},"yoast_head":"<!-- This site is optimized with the Yoast SEO plugin v26.6 - https:\/\/yoast.com\/wordpress\/plugins\/seo\/ -->\n<title>Talo - Teodora<\/title>\n<meta name=\"description\" content=\"Descubre la mesa hexagonal Talo, una escultura de Altherr D\u00e9sile Park en cemento de alto rendimiento. La mesa de comedor perfecta para tu terraza.\" \/>\n<meta name=\"robots\" content=\"index, follow, max-snippet:-1, max-image-preview:large, max-video-preview:-1\" \/>\n<link rel=\"canonical\" href=\"https:\/\/teodorabcn.com\/ca\/producte\/talo\/\" \/>\n<meta property=\"og:locale\" content=\"ca_ES\" \/>\n<meta property=\"og:type\" content=\"article\" \/>\n<meta property=\"og:title\" content=\"Talo - Teodora\" \/>\n<meta property=\"og:description\" content=\"Descubre la mesa hexagonal Talo, una escultura de Altherr D\u00e9sile Park en cemento de alto rendimiento. La mesa de comedor perfecta para tu terraza.\" \/>\n<meta property=\"og:url\" content=\"https:\/\/teodorabcn.com\/ca\/producte\/talo\/\" \/>\n<meta property=\"og:site_name\" content=\"Teodora\" \/>\n<meta property=\"article:publisher\" content=\"https:\/\/www.facebook.com\/profile.php?id=61550838347854\" \/>\n<meta property=\"article:modified_time\" content=\"2025-12-18T08:43:56+00:00\" \/>\n<meta property=\"og:image\" content=\"https:\/\/teodorabcn.com\/wp-content\/uploads\/2025\/12\/Mesa-Talo-exterior-1.png\" \/>\n\t<meta property=\"og:image:width\" content=\"960\" \/>\n\t<meta property=\"og:image:height\" content=\"1200\" \/>\n\t<meta property=\"og:image:type\" content=\"image\/png\" \/>\n<meta name=\"twitter:card\" content=\"summary_large_image\" \/>\n<meta name=\"twitter:label1\" content=\"Temps estimat de lectura\" \/>\n\t<meta name=\"twitter:data1\" content=\"1 minut\" \/>\n<script type=\"application\/ld+json\" class=\"yoast-schema-graph\">{\"@context\":\"https:\/\/schema.org\",\"@graph\":[{\"@type\":\"WebPage\",\"@id\":\"https:\/\/teodorabcn.com\/producto\/talo\/\",\"url\":\"https:\/\/teodorabcn.com\/producto\/talo\/\",\"name\":\"Talo - Teodora\",\"isPartOf\":{\"@id\":\"https:\/\/teodorabcn.com\/#website\"},\"primaryImageOfPage\":{\"@id\":\"https:\/\/teodorabcn.com\/producto\/talo\/#primaryimage\"},\"image\":{\"@id\":\"https:\/\/teodorabcn.com\/producto\/talo\/#primaryimage\"},\"thumbnailUrl\":\"https:\/\/teodorabcn.com\/wp-content\/uploads\/2025\/12\/Mesa-Talo-exterior-1.png\",\"datePublished\":\"2025-12-18T07:38:02+00:00\",\"dateModified\":\"2025-12-18T08:43:56+00:00\",\"description\":\"Descubre la mesa hexagonal Talo, una escultura de Altherr D\u00e9sile Park en cemento de alto rendimiento. La mesa de comedor perfecta para tu terraza.\",\"breadcrumb\":{\"@id\":\"https:\/\/teodorabcn.com\/producto\/talo\/#breadcrumb\"},\"inLanguage\":\"ca\",\"potentialAction\":[{\"@type\":\"ReadAction\",\"target\":[\"https:\/\/teodorabcn.com\/producto\/talo\/\"]}]},{\"@type\":\"ImageObject\",\"inLanguage\":\"ca\",\"@id\":\"https:\/\/teodorabcn.com\/producto\/talo\/#primaryimage\",\"url\":\"https:\/\/teodorabcn.com\/wp-content\/uploads\/2025\/12\/Mesa-Talo-exterior-1.png\",\"contentUrl\":\"https:\/\/teodorabcn.com\/wp-content\/uploads\/2025\/12\/Mesa-Talo-exterior-1.png\",\"width\":960,\"height\":1200,\"caption\":\"Mesa Talo exterior\"},{\"@type\":\"BreadcrumbList\",\"@id\":\"https:\/\/teodorabcn.com\/producto\/talo\/#breadcrumb\",\"itemListElement\":[{\"@type\":\"ListItem\",\"position\":1,\"name\":\"Portada\",\"item\":\"https:\/\/teodorabcn.com\/\"},{\"@type\":\"ListItem\",\"position\":2,\"name\":\"Shop\",\"item\":\"https:\/\/teodorabcn.com\/shop\/\"},{\"@type\":\"ListItem\",\"position\":3,\"name\":\"Talo\"}]},{\"@type\":\"WebSite\",\"@id\":\"https:\/\/teodorabcn.com\/#website\",\"url\":\"https:\/\/teodorabcn.com\/\",\"name\":\"Teodora Exteriorismo\",\"description\":\"Creamos terrazas y jardines con car\u00e1cter.\",\"publisher\":{\"@id\":\"https:\/\/teodorabcn.com\/#organization\"},\"alternateName\":\"Teodora\",\"potentialAction\":[{\"@type\":\"SearchAction\",\"target\":{\"@type\":\"EntryPoint\",\"urlTemplate\":\"https:\/\/teodorabcn.com\/?s={search_term_string}\"},\"query-input\":{\"@type\":\"PropertyValueSpecification\",\"valueRequired\":true,\"valueName\":\"search_term_string\"}}],\"inLanguage\":\"ca\"},{\"@type\":\"Organization\",\"@id\":\"https:\/\/teodorabcn.com\/#organization\",\"name\":\"Teodora Exteriorismo\",\"alternateName\":\"Teodora\",\"url\":\"https:\/\/teodorabcn.com\/\",\"logo\":{\"@type\":\"ImageObject\",\"inLanguage\":\"ca\",\"@id\":\"https:\/\/teodorabcn.com\/#\/schema\/logo\/image\/\",\"url\":\"https:\/\/teodorabcn.com\/wp-content\/uploads\/2023\/10\/Teodora_logo-_EXT-Ok-ESP-e1706538305612.jpg\",\"contentUrl\":\"https:\/\/teodorabcn.com\/wp-content\/uploads\/2023\/10\/Teodora_logo-_EXT-Ok-ESP-e1706538305612.jpg\",\"width\":1540,\"height\":573,\"caption\":\"Teodora Exteriorismo\"},\"image\":{\"@id\":\"https:\/\/teodorabcn.com\/#\/schema\/logo\/image\/\"},\"sameAs\":[\"https:\/\/www.facebook.com\/profile.php?id=61550838347854\",\"https:\/\/www.instagram.com\/teodora.exteriorismo\/?hl=es\",\"https:\/\/www.pinterest.es\/teodora_exteriorismo\/\",\"https:\/\/www.linkedin.com\/company\/teodora-bcn-exteriorismo\/\"]}]}<\/script>\n<!-- \/ Yoast SEO plugin. -->","yoast_head_json":{"title":"Talo - Teodora","description":"Descubre la mesa hexagonal Talo, una escultura de Altherr D\u00e9sile Park en cemento de alto rendimiento. La mesa de comedor perfecta para tu terraza.","robots":{"index":"index","follow":"follow","max-snippet":"max-snippet:-1","max-image-preview":"max-image-preview:large","max-video-preview":"max-video-preview:-1"},"canonical":"https:\/\/teodorabcn.com\/ca\/producte\/talo\/","og_locale":"ca_ES","og_type":"article","og_title":"Talo - Teodora","og_description":"Descubre la mesa hexagonal Talo, una escultura de Altherr D\u00e9sile Park en cemento de alto rendimiento. La mesa de comedor perfecta para tu terraza.","og_url":"https:\/\/teodorabcn.com\/ca\/producte\/talo\/","og_site_name":"Teodora","article_publisher":"https:\/\/www.facebook.com\/profile.php?id=61550838347854","article_modified_time":"2025-12-18T08:43:56+00:00","og_image":[{"width":960,"height":1200,"url":"https:\/\/teodorabcn.com\/wp-content\/uploads\/2025\/12\/Mesa-Talo-exterior-1.png","type":"image\/png"}],"twitter_card":"summary_large_image","twitter_misc":{"Temps estimat de lectura":"1 minut"},"schema":{"@context":"https:\/\/schema.org","@graph":[{"@type":"WebPage","@id":"https:\/\/teodorabcn.com\/producto\/talo\/","url":"https:\/\/teodorabcn.com\/producto\/talo\/","name":"Talo - Teodora","isPartOf":{"@id":"https:\/\/teodorabcn.com\/#website"},"primaryImageOfPage":{"@id":"https:\/\/teodorabcn.com\/producto\/talo\/#primaryimage"},"image":{"@id":"https:\/\/teodorabcn.com\/producto\/talo\/#primaryimage"},"thumbnailUrl":"https:\/\/teodorabcn.com\/wp-content\/uploads\/2025\/12\/Mesa-Talo-exterior-1.png","datePublished":"2025-12-18T07:38:02+00:00","dateModified":"2025-12-18T08:43:56+00:00","description":"Descubre la mesa hexagonal Talo, una escultura de Altherr D\u00e9sile Park en cemento de alto rendimiento. La mesa de comedor perfecta para tu terraza.","breadcrumb":{"@id":"https:\/\/teodorabcn.com\/producto\/talo\/#breadcrumb"},"inLanguage":"ca","potentialAction":[{"@type":"ReadAction","target":["https:\/\/teodorabcn.com\/producto\/talo\/"]}]},{"@type":"ImageObject","inLanguage":"ca","@id":"https:\/\/teodorabcn.com\/producto\/talo\/#primaryimage","url":"https:\/\/teodorabcn.com\/wp-content\/uploads\/2025\/12\/Mesa-Talo-exterior-1.png","contentUrl":"https:\/\/teodorabcn.com\/wp-content\/uploads\/2025\/12\/Mesa-Talo-exterior-1.png","width":960,"height":1200,"caption":"Mesa Talo exterior"},{"@type":"BreadcrumbList","@id":"https:\/\/teodorabcn.com\/producto\/talo\/#breadcrumb","itemListElement":[{"@type":"ListItem","position":1,"name":"Portada","item":"https:\/\/teodorabcn.com\/"},{"@type":"ListItem","position":2,"name":"Shop","item":"https:\/\/teodorabcn.com\/shop\/"},{"@type":"ListItem","position":3,"name":"Talo"}]},{"@type":"WebSite","@id":"https:\/\/teodorabcn.com\/#website","url":"https:\/\/teodorabcn.com\/","name":"Teodora Exteriorisme","description":"Creamos terrazas y jardines con car\u00e1cter.","publisher":{"@id":"https:\/\/teodorabcn.com\/#organization"},"alternateName":"Teodora","potentialAction":[{"@type":"SearchAction","target":{"@type":"EntryPoint","urlTemplate":"https:\/\/teodorabcn.com\/?s={search_term_string}"},"query-input":{"@type":"PropertyValueSpecification","valueRequired":true,"valueName":"search_term_string"}}],"inLanguage":"ca"},{"@type":"Organization","@id":"https:\/\/teodorabcn.com\/#organization","name":"Teodora Exteriorisme","alternateName":"Teodora","url":"https:\/\/teodorabcn.com\/","logo":{"@type":"ImageObject","inLanguage":"ca","@id":"https:\/\/teodorabcn.com\/#\/schema\/logo\/image\/","url":"https:\/\/teodorabcn.com\/wp-content\/uploads\/2023\/10\/Teodora_logo-_EXT-Ok-ESP-e1706538305612.jpg","contentUrl":"https:\/\/teodorabcn.com\/wp-content\/uploads\/2023\/10\/Teodora_logo-_EXT-Ok-ESP-e1706538305612.jpg","width":1540,"height":573,"caption":"Teodora Exteriorismo"},"image":{"@id":"https:\/\/teodorabcn.com\/#\/schema\/logo\/image\/"},"sameAs":["https:\/\/www.facebook.com\/profile.php?id=61550838347854","https:\/\/www.instagram.com\/teodora.exteriorismo\/?hl=es","https:\/\/www.pinterest.es\/teodora_exteriorismo\/","https:\/\/www.linkedin.com\/company\/teodora-bcn-exteriorismo\/"]}]}},"_links":{"self":[{"href":"https:\/\/teodorabcn.com\/ca\/wp-json\/wp\/v2\/product\/4802","targetHints":{"allow":["GET"]}}],"collection":[{"href":"https:\/\/teodorabcn.com\/ca\/wp-json\/wp\/v2\/product"}],"about":[{"href":"https:\/\/teodorabcn.com\/ca\/wp-json\/wp\/v2\/types\/product"}],"replies":[{"embeddable":true,"href":"https:\/\/teodorabcn.com\/ca\/wp-json\/wp\/v2\/comments?post=4802"}],"wp:featuredmedia":[{"embeddable":true,"href":"https:\/\/teodorabcn.com\/ca\/wp-json\/wp\/v2\/media\/4811"}],"wp:attachment":[{"href":"https:\/\/teodorabcn.com\/ca\/wp-json\/wp\/v2\/media?parent=4802"}],"wp:term":[{"taxonomy":"product_brand","embeddable":true,"href":"https:\/\/teodorabcn.com\/ca\/wp-json\/wp\/v2\/product_brand?post=4802"},{"taxonomy":"product_cat","embeddable":true,"href":"https:\/\/teodorabcn.com\/ca\/wp-json\/wp\/v2\/product_cat?post=4802"},{"taxonomy":"product_tag","embeddable":true,"href":"https:\/\/teodorabcn.com\/ca\/wp-json\/wp\/v2\/product_tag?post=4802"}],"curies":[{"name":"wp","href":"https:\/\/api.w.org\/{rel}","templated":true}]}}