{"id":4498,"date":"2025-10-07T16:39:59","date_gmt":"2025-10-07T14:39:59","guid":{"rendered":"https:\/\/teodorabcn.com\/?post_type=product&#038;p=4498"},"modified":"2026-02-20T11:03:46","modified_gmt":"2026-02-20T10:03:46","slug":"mora-lamp","status":"publish","type":"product","link":"https:\/\/teodorabcn.com\/ca\/producte\/mora-lamp\/","title":{"rendered":"Mora"},"content":{"rendered":"<p data-path-to-node=\"4\">La l\u00e1mpara <b>Mora<\/b> es una pieza escult\u00f3rica que nace del ingenio de <b>Javier Mariscal<\/b>, inspirada en la geometr\u00eda org\u00e1nica y la pureza de las <strong>formas bot\u00e1nicas<\/strong>. Fabricada mediante t\u00e9cnicas de moldeo rotacional, esta luminaria destaca por una <b>ingenier\u00eda t\u00e9cnica impecable<\/b> que garantiza una difusi\u00f3n de luz suave y envolvente. Su estructura es extremadamente resistente y vers\u00e1til, permitiendo que su belleza se integre con naturalidad tanto en interiores sofisticados como en proyectos de <b>exteriorismo de lujo<\/b>. La l\u00e1mpara Mora es una invitaci\u00f3n a transformar cualquier rinc\u00f3n en un oasis de serenidad; es el detalle final que eleva el <b>estilo de vida mediterr\u00e1neo<\/b>, aportando calidez y una identidad visual inconfundible a tus veladas bajo las estrellas.<\/p>\n<p data-path-to-node=\"4\">Su dise\u00f1o no busca simplemente iluminar, sino crear una atm\u00f3sfera donde la luz se convierte en un objeto tangible que dialoga con el entorno. Al igual que el fruto del que toma su nombre, su silueta se compone de relieves que generan un juego de luces y sombras \u00fanico, aportando un car\u00e1cter art\u00edstico y l\u00fadico que rompe con la sobriedad del <b>dise\u00f1o contempor\u00e1neo<\/b>.<\/p>","protected":false},"excerpt":{"rendered":"<p>La l\u00e1mpara Mora es una pieza escult\u00f3rica que nace del ingenio de Javier Mariscal, inspirada en la geometr\u00eda org\u00e1nica y la pureza de las formas bot\u00e1nicas. Fabricada mediante t\u00e9cnicas de moldeo rotacional, esta luminaria destaca por una ingenier\u00eda t\u00e9cnica impecable que garantiza una difusi\u00f3n de luz suave y envolvente. Su estructura es extremadamente resistente y [&hellip;]<\/p>","protected":false},"featured_media":4736,"comment_status":"closed","ping_status":"closed","template":"","meta":[],"product_brand":[100,42],"product_cat":[40],"product_tag":[],"class_list":{"0":"post-4498","1":"product","2":"type-product","3":"status-publish","4":"has-post-thumbnail","6":"product_brand-mora","7":"product_brand-vincent-sheppard","8":"product_cat-lampara","10":"first","11":"instock","12":"shipping-taxable","13":"product-type-variable"},"yoast_head":"<!-- This site is optimized with the Yoast SEO plugin v26.6 - https:\/\/yoast.com\/wordpress\/plugins\/seo\/ -->\n<title>Mora - Teodora<\/title>\n<meta name=\"description\" content=\"Mora, linterna port\u00e1til para exterior con m\u00f3dulo LED recargable por solar o red. Difusi\u00f3n uniforme, estructura en aluminio y autonom\u00eda prolongada.\" \/>\n<meta name=\"robots\" content=\"index, follow, max-snippet:-1, max-image-preview:large, max-video-preview:-1\" \/>\n<link rel=\"canonical\" href=\"https:\/\/teodorabcn.com\/ca\/producte\/mora-lamp\/\" \/>\n<meta property=\"og:locale\" content=\"ca_ES\" \/>\n<meta property=\"og:type\" content=\"article\" \/>\n<meta property=\"og:title\" content=\"Mora - Teodora\" \/>\n<meta property=\"og:description\" content=\"Mora, linterna port\u00e1til para exterior con m\u00f3dulo LED recargable por solar o red. Difusi\u00f3n uniforme, estructura en aluminio y autonom\u00eda prolongada.\" \/>\n<meta property=\"og:url\" content=\"https:\/\/teodorabcn.com\/ca\/producte\/mora-lamp\/\" \/>\n<meta property=\"og:site_name\" content=\"Teodora\" \/>\n<meta property=\"article:publisher\" content=\"https:\/\/www.facebook.com\/profile.php?id=61550838347854\" \/>\n<meta property=\"article:modified_time\" content=\"2026-02-20T10:03:46+00:00\" \/>\n<meta property=\"og:image\" content=\"https:\/\/teodorabcn.com\/wp-content\/uploads\/2025\/10\/Mora-lamp.-Lampara-exterior-png-2.png\" \/>\n\t<meta property=\"og:image:width\" content=\"960\" \/>\n\t<meta property=\"og:image:height\" content=\"1200\" \/>\n\t<meta property=\"og:image:type\" content=\"image\/png\" \/>\n<meta name=\"twitter:card\" content=\"summary_large_image\" \/>\n<meta name=\"twitter:label1\" content=\"Temps estimat de lectura\" \/>\n\t<meta name=\"twitter:data1\" content=\"1 minut\" \/>\n<script type=\"application\/ld+json\" class=\"yoast-schema-graph\">{\"@context\":\"https:\/\/schema.org\",\"@graph\":[{\"@type\":\"WebPage\",\"@id\":\"https:\/\/teodorabcn.com\/producto\/mora-lamp\/\",\"url\":\"https:\/\/teodorabcn.com\/producto\/mora-lamp\/\",\"name\":\"Mora - Teodora\",\"isPartOf\":{\"@id\":\"https:\/\/teodorabcn.com\/#website\"},\"primaryImageOfPage\":{\"@id\":\"https:\/\/teodorabcn.com\/producto\/mora-lamp\/#primaryimage\"},\"image\":{\"@id\":\"https:\/\/teodorabcn.com\/producto\/mora-lamp\/#primaryimage\"},\"thumbnailUrl\":\"https:\/\/teodorabcn.com\/wp-content\/uploads\/2025\/10\/Mora-lamp.-Lampara-exterior-png-2.png\",\"datePublished\":\"2025-10-07T14:39:59+00:00\",\"dateModified\":\"2026-02-20T10:03:46+00:00\",\"description\":\"Mora, linterna port\u00e1til para exterior con m\u00f3dulo LED recargable por solar o red. Difusi\u00f3n uniforme, estructura en aluminio y autonom\u00eda prolongada.\",\"breadcrumb\":{\"@id\":\"https:\/\/teodorabcn.com\/producto\/mora-lamp\/#breadcrumb\"},\"inLanguage\":\"ca\",\"potentialAction\":[{\"@type\":\"ReadAction\",\"target\":[\"https:\/\/teodorabcn.com\/producto\/mora-lamp\/\"]}]},{\"@type\":\"ImageObject\",\"inLanguage\":\"ca\",\"@id\":\"https:\/\/teodorabcn.com\/producto\/mora-lamp\/#primaryimage\",\"url\":\"https:\/\/teodorabcn.com\/wp-content\/uploads\/2025\/10\/Mora-lamp.-Lampara-exterior-png-2.png\",\"contentUrl\":\"https:\/\/teodorabcn.com\/wp-content\/uploads\/2025\/10\/Mora-lamp.-Lampara-exterior-png-2.png\",\"width\":960,\"height\":1200,\"caption\":\"Mora lamp. L\u00e1mpara exterior\"},{\"@type\":\"BreadcrumbList\",\"@id\":\"https:\/\/teodorabcn.com\/producto\/mora-lamp\/#breadcrumb\",\"itemListElement\":[{\"@type\":\"ListItem\",\"position\":1,\"name\":\"Portada\",\"item\":\"https:\/\/teodorabcn.com\/\"},{\"@type\":\"ListItem\",\"position\":2,\"name\":\"Shop\",\"item\":\"https:\/\/teodorabcn.com\/shop\/\"},{\"@type\":\"ListItem\",\"position\":3,\"name\":\"Mora\"}]},{\"@type\":\"WebSite\",\"@id\":\"https:\/\/teodorabcn.com\/#website\",\"url\":\"https:\/\/teodorabcn.com\/\",\"name\":\"Teodora Exteriorismo\",\"description\":\"Creamos terrazas y jardines con car\u00e1cter.\",\"publisher\":{\"@id\":\"https:\/\/teodorabcn.com\/#organization\"},\"alternateName\":\"Teodora\",\"potentialAction\":[{\"@type\":\"SearchAction\",\"target\":{\"@type\":\"EntryPoint\",\"urlTemplate\":\"https:\/\/teodorabcn.com\/?s={search_term_string}\"},\"query-input\":{\"@type\":\"PropertyValueSpecification\",\"valueRequired\":true,\"valueName\":\"search_term_string\"}}],\"inLanguage\":\"ca\"},{\"@type\":\"Organization\",\"@id\":\"https:\/\/teodorabcn.com\/#organization\",\"name\":\"Teodora Exteriorismo\",\"alternateName\":\"Teodora\",\"url\":\"https:\/\/teodorabcn.com\/\",\"logo\":{\"@type\":\"ImageObject\",\"inLanguage\":\"ca\",\"@id\":\"https:\/\/teodorabcn.com\/#\/schema\/logo\/image\/\",\"url\":\"https:\/\/teodorabcn.com\/wp-content\/uploads\/2023\/10\/Teodora_logo-_EXT-Ok-ESP-e1706538305612.jpg\",\"contentUrl\":\"https:\/\/teodorabcn.com\/wp-content\/uploads\/2023\/10\/Teodora_logo-_EXT-Ok-ESP-e1706538305612.jpg\",\"width\":1540,\"height\":573,\"caption\":\"Teodora Exteriorismo\"},\"image\":{\"@id\":\"https:\/\/teodorabcn.com\/#\/schema\/logo\/image\/\"},\"sameAs\":[\"https:\/\/www.facebook.com\/profile.php?id=61550838347854\",\"https:\/\/www.instagram.com\/teodora.exteriorismo\/?hl=es\",\"https:\/\/www.pinterest.es\/teodora_exteriorismo\/\",\"https:\/\/www.linkedin.com\/company\/teodora-bcn-exteriorismo\/\"]}]}<\/script>\n<!-- \/ Yoast SEO plugin. -->","yoast_head_json":{"title":"Mora - Teodora","description":"Mora, linterna port\u00e1til para exterior con m\u00f3dulo LED recargable por solar o red. Difusi\u00f3n uniforme, estructura en aluminio y autonom\u00eda prolongada.","robots":{"index":"index","follow":"follow","max-snippet":"max-snippet:-1","max-image-preview":"max-image-preview:large","max-video-preview":"max-video-preview:-1"},"canonical":"https:\/\/teodorabcn.com\/ca\/producte\/mora-lamp\/","og_locale":"ca_ES","og_type":"article","og_title":"Mora - Teodora","og_description":"Mora, linterna port\u00e1til para exterior con m\u00f3dulo LED recargable por solar o red. Difusi\u00f3n uniforme, estructura en aluminio y autonom\u00eda prolongada.","og_url":"https:\/\/teodorabcn.com\/ca\/producte\/mora-lamp\/","og_site_name":"Teodora","article_publisher":"https:\/\/www.facebook.com\/profile.php?id=61550838347854","article_modified_time":"2026-02-20T10:03:46+00:00","og_image":[{"width":960,"height":1200,"url":"https:\/\/teodorabcn.com\/wp-content\/uploads\/2025\/10\/Mora-lamp.-Lampara-exterior-png-2.png","type":"image\/png"}],"twitter_card":"summary_large_image","twitter_misc":{"Temps estimat de lectura":"1 minut"},"schema":{"@context":"https:\/\/schema.org","@graph":[{"@type":"WebPage","@id":"https:\/\/teodorabcn.com\/producto\/mora-lamp\/","url":"https:\/\/teodorabcn.com\/producto\/mora-lamp\/","name":"Mora - Teodora","isPartOf":{"@id":"https:\/\/teodorabcn.com\/#website"},"primaryImageOfPage":{"@id":"https:\/\/teodorabcn.com\/producto\/mora-lamp\/#primaryimage"},"image":{"@id":"https:\/\/teodorabcn.com\/producto\/mora-lamp\/#primaryimage"},"thumbnailUrl":"https:\/\/teodorabcn.com\/wp-content\/uploads\/2025\/10\/Mora-lamp.-Lampara-exterior-png-2.png","datePublished":"2025-10-07T14:39:59+00:00","dateModified":"2026-02-20T10:03:46+00:00","description":"Mora, linterna port\u00e1til para exterior con m\u00f3dulo LED recargable por solar o red. Difusi\u00f3n uniforme, estructura en aluminio y autonom\u00eda prolongada.","breadcrumb":{"@id":"https:\/\/teodorabcn.com\/producto\/mora-lamp\/#breadcrumb"},"inLanguage":"ca","potentialAction":[{"@type":"ReadAction","target":["https:\/\/teodorabcn.com\/producto\/mora-lamp\/"]}]},{"@type":"ImageObject","inLanguage":"ca","@id":"https:\/\/teodorabcn.com\/producto\/mora-lamp\/#primaryimage","url":"https:\/\/teodorabcn.com\/wp-content\/uploads\/2025\/10\/Mora-lamp.-Lampara-exterior-png-2.png","contentUrl":"https:\/\/teodorabcn.com\/wp-content\/uploads\/2025\/10\/Mora-lamp.-Lampara-exterior-png-2.png","width":960,"height":1200,"caption":"Mora lamp. L\u00e1mpara exterior"},{"@type":"BreadcrumbList","@id":"https:\/\/teodorabcn.com\/producto\/mora-lamp\/#breadcrumb","itemListElement":[{"@type":"ListItem","position":1,"name":"Portada","item":"https:\/\/teodorabcn.com\/"},{"@type":"ListItem","position":2,"name":"Shop","item":"https:\/\/teodorabcn.com\/shop\/"},{"@type":"ListItem","position":3,"name":"Mora"}]},{"@type":"WebSite","@id":"https:\/\/teodorabcn.com\/#website","url":"https:\/\/teodorabcn.com\/","name":"Teodora Exteriorisme","description":"Creamos terrazas y jardines con car\u00e1cter.","publisher":{"@id":"https:\/\/teodorabcn.com\/#organization"},"alternateName":"Teodora","potentialAction":[{"@type":"SearchAction","target":{"@type":"EntryPoint","urlTemplate":"https:\/\/teodorabcn.com\/?s={search_term_string}"},"query-input":{"@type":"PropertyValueSpecification","valueRequired":true,"valueName":"search_term_string"}}],"inLanguage":"ca"},{"@type":"Organization","@id":"https:\/\/teodorabcn.com\/#organization","name":"Teodora Exteriorisme","alternateName":"Teodora","url":"https:\/\/teodorabcn.com\/","logo":{"@type":"ImageObject","inLanguage":"ca","@id":"https:\/\/teodorabcn.com\/#\/schema\/logo\/image\/","url":"https:\/\/teodorabcn.com\/wp-content\/uploads\/2023\/10\/Teodora_logo-_EXT-Ok-ESP-e1706538305612.jpg","contentUrl":"https:\/\/teodorabcn.com\/wp-content\/uploads\/2023\/10\/Teodora_logo-_EXT-Ok-ESP-e1706538305612.jpg","width":1540,"height":573,"caption":"Teodora Exteriorismo"},"image":{"@id":"https:\/\/teodorabcn.com\/#\/schema\/logo\/image\/"},"sameAs":["https:\/\/www.facebook.com\/profile.php?id=61550838347854","https:\/\/www.instagram.com\/teodora.exteriorismo\/?hl=es","https:\/\/www.pinterest.es\/teodora_exteriorismo\/","https:\/\/www.linkedin.com\/company\/teodora-bcn-exteriorismo\/"]}]}},"_links":{"self":[{"href":"https:\/\/teodorabcn.com\/ca\/wp-json\/wp\/v2\/product\/4498","targetHints":{"allow":["GET"]}}],"collection":[{"href":"https:\/\/teodorabcn.com\/ca\/wp-json\/wp\/v2\/product"}],"about":[{"href":"https:\/\/teodorabcn.com\/ca\/wp-json\/wp\/v2\/types\/product"}],"replies":[{"embeddable":true,"href":"https:\/\/teodorabcn.com\/ca\/wp-json\/wp\/v2\/comments?post=4498"}],"wp:featuredmedia":[{"embeddable":true,"href":"https:\/\/teodorabcn.com\/ca\/wp-json\/wp\/v2\/media\/4736"}],"wp:attachment":[{"href":"https:\/\/teodorabcn.com\/ca\/wp-json\/wp\/v2\/media?parent=4498"}],"wp:term":[{"taxonomy":"product_brand","embeddable":true,"href":"https:\/\/teodorabcn.com\/ca\/wp-json\/wp\/v2\/product_brand?post=4498"},{"taxonomy":"product_cat","embeddable":true,"href":"https:\/\/teodorabcn.com\/ca\/wp-json\/wp\/v2\/product_cat?post=4498"},{"taxonomy":"product_tag","embeddable":true,"href":"https:\/\/teodorabcn.com\/ca\/wp-json\/wp\/v2\/product_tag?post=4498"}],"curies":[{"name":"wp","href":"https:\/\/api.w.org\/{rel}","templated":true}]}}