{"id":67,"date":"2023-10-18T13:10:46","date_gmt":"2023-10-18T11:10:46","guid":{"rendered":"http:\/\/www.teodorabcn.com.mialias.net\/?page_id=67"},"modified":"2025-09-22T13:56:05","modified_gmt":"2025-09-22T11:56:05","slug":"contacto","status":"publish","type":"page","link":"https:\/\/teodorabcn.com\/ca\/contacto\/","title":{"rendered":"Contacte"},"content":{"rendered":"<div data-elementor-type=\"wp-page\" data-elementor-id=\"67\" class=\"elementor elementor-67\" data-elementor-post-type=\"page\">\n\t\t\t\t<div class=\"elementor-element elementor-element-1979320 e-flex e-con-boxed e-con e-parent\" data-id=\"1979320\" data-element_type=\"container\">\n\t\t\t\t\t<div class=\"e-con-inner\">\n\t\t<div class=\"elementor-element elementor-element-a949c1a e-con-full e-flex e-con e-child\" data-id=\"a949c1a\" data-element_type=\"container\">\n\t\t\t\t<div class=\"elementor-element elementor-element-dd826e9 elementor-widget elementor-widget-heading\" data-id=\"dd826e9\" data-element_type=\"widget\" data-widget_type=\"heading.default\">\n\t\t\t\t<div class=\"elementor-widget-container\">\n\t\t\t\t\t<h2 class=\"elementor-heading-title elementor-size-default\">Botiga \/\nShowroom<\/h2>\t\t\t\t<\/div>\n\t\t\t\t<\/div>\n\t\t\t\t<div class=\"elementor-element elementor-element-1dbc756 elementor-widget elementor-widget-text-editor\" data-id=\"1dbc756\" data-element_type=\"widget\" data-widget_type=\"text-editor.default\">\n\t\t\t\t<div class=\"elementor-widget-container\">\n\t\t\t\t\t\t\t\t\t<p>c\/Madrazo, 143, 08021 Barcelona<br \/><a href=\"tel:930042733\">+ 34 93 00 42 733<\/a><\/p><p><a href=\"mailto:info@teodorabcn.com\">info@teodorabcn.com<\/a><\/p><p class=\"translation-block\">Horari<br>Dilluns \u2013 Dijous 9h a 17h<br>Divendres  9h a 14h<br>Dissabtes tancat<\/p>\t\t\t\t\t\t\t\t<\/div>\n\t\t\t\t<\/div>\n\t\t\t\t<div class=\"elementor-element elementor-element-98daaa5 elementor-widget elementor-widget-heading\" data-id=\"98daaa5\" data-element_type=\"widget\" data-widget_type=\"heading.default\">\n\t\t\t\t<div class=\"elementor-widget-container\">\n\t\t\t\t\t<h2 class=\"elementor-heading-title elementor-size-default\">Taller \/ Warehouse<\/h2>\t\t\t\t<\/div>\n\t\t\t\t<\/div>\n\t\t\t\t<div class=\"elementor-element elementor-element-595df91 elementor-widget elementor-widget-text-editor\" data-id=\"595df91\" data-element_type=\"widget\" data-widget_type=\"text-editor.default\">\n\t\t\t\t<div class=\"elementor-widget-container\">\n\t\t\t\t\t\t\t\t\t<p>C\/ Joan d\u2019Austria, 84, 08018 Barcelona<\/p>\t\t\t\t\t\t\t\t<\/div>\n\t\t\t\t<\/div>\n\t\t\t\t<\/div>\n\t\t<div class=\"elementor-element elementor-element-6cb495b e-con-full e-flex e-con e-child\" data-id=\"6cb495b\" data-element_type=\"container\">\n\t\t\t\t<div class=\"elementor-element elementor-element-435235e elementor-button-align-stretch elementor-widget elementor-widget-form\" data-id=\"435235e\" data-element_type=\"widget\" data-settings=\"{&quot;step_next_label&quot;:&quot;Siguiente&quot;,&quot;step_previous_label&quot;:&quot;Anterior&quot;,&quot;button_width&quot;:&quot;100&quot;,&quot;step_type&quot;:&quot;number_text&quot;,&quot;step_icon_shape&quot;:&quot;circle&quot;}\" data-widget_type=\"form.default\">\n\t\t\t\t<div class=\"elementor-widget-container\">\n\t\t\t\t\t\t\t<form class=\"elementor-form\" method=\"post\" name=\"Nuevo formulario\" aria-label=\"Nuevo formulario\" action=\"\">\n\t\t\t<input type=\"hidden\" name=\"post_id\" value=\"67\"\/>\n\t\t\t<input type=\"hidden\" name=\"form_id\" value=\"435235e\"\/>\n\t\t\t<input type=\"hidden\" name=\"referer_title\" value=\"Contacto - Teodora\" \/>\n\n\t\t\t\t\t\t\t<input type=\"hidden\" name=\"queried_id\" value=\"67\"\/>\n\t\t\t\n\t\t\t<div class=\"elementor-form-fields-wrapper elementor-labels-above\">\n\t\t\t\t\t\t\t\t<div class=\"elementor-field-type-text elementor-field-group elementor-column elementor-field-group-name elementor-col-100 elementor-field-required elementor-mark-required\">\n\t\t\t\t\t\t\t\t\t\t\t\t<label for=\"form-field-name\" class=\"elementor-field-label\">\n\t\t\t\t\t\t\t\tEl teu nom\t\t\t\t\t\t\t<\/label>\n\t\t\t\t\t\t\t\t\t\t\t\t\t\t<input size=\"1\" type=\"text\" name=\"form_fields[name]\" id=\"form-field-name\" class=\"elementor-field elementor-size-sm  elementor-field-textual\" required=\"required\">\n\t\t\t\t\t\t\t\t\t\t\t<\/div>\n\t\t\t\t\t\t\t\t<div class=\"elementor-field-type-text elementor-field-group elementor-column elementor-field-group-email elementor-col-100 elementor-field-required elementor-mark-required\">\n\t\t\t\t\t\t\t\t\t\t\t\t<label for=\"form-field-email\" class=\"elementor-field-label\">\n\t\t\t\t\t\t\t\tEl teu cognom\t\t\t\t\t\t\t<\/label>\n\t\t\t\t\t\t\t\t\t\t\t\t\t\t<input size=\"1\" type=\"text\" name=\"form_fields[email]\" id=\"form-field-email\" class=\"elementor-field elementor-size-sm  elementor-field-textual\" required=\"required\">\n\t\t\t\t\t\t\t\t\t\t\t<\/div>\n\t\t\t\t\t\t\t\t<div class=\"elementor-field-type-email elementor-field-group elementor-column elementor-field-group-field_1da8476 elementor-col-100 elementor-field-required elementor-mark-required\">\n\t\t\t\t\t\t\t\t\t\t\t\t<label for=\"form-field-field_1da8476\" class=\"elementor-field-label\">\n\t\t\t\t\t\t\t\tEl teu correu electr\u00f2nic\t\t\t\t\t\t\t<\/label>\n\t\t\t\t\t\t\t\t\t\t\t\t\t\t<input size=\"1\" type=\"email\" name=\"form_fields[field_1da8476]\" id=\"form-field-field_1da8476\" class=\"elementor-field elementor-size-sm  elementor-field-textual\" required=\"required\">\n\t\t\t\t\t\t\t\t\t\t\t<\/div>\n\t\t\t\t\t\t\t\t<div class=\"elementor-field-type-tel elementor-field-group elementor-column elementor-field-group-field_1e46a64 elementor-col-100 elementor-field-required elementor-mark-required\">\n\t\t\t\t\t\t\t\t\t\t\t\t<label for=\"form-field-field_1e46a64\" class=\"elementor-field-label\">\n\t\t\t\t\t\t\t\tEl teu n\u00famero de tel\u00e8fon\t\t\t\t\t\t\t<\/label>\n\t\t\t\t\t\t\t\t<input size=\"1\" type=\"tel\" name=\"form_fields[field_1e46a64]\" id=\"form-field-field_1e46a64\" class=\"elementor-field elementor-size-sm  elementor-field-textual\" required=\"required\" pattern=\"[0-9()#&amp;+*-=.]+\" title=\"Solo se aceptan n\u00fameros y caracteres de tel\u00e9fono (#,-,*,etc).\">\n\n\t\t\t\t\t\t<\/div>\n\t\t\t\t\t\t\t\t<div class=\"elementor-field-type-text elementor-field-group elementor-column elementor-field-group-field_0827618 elementor-col-100 elementor-field-required elementor-mark-required\">\n\t\t\t\t\t\t\t\t\t\t\t\t<label for=\"form-field-field_0827618\" class=\"elementor-field-label\">\n\t\t\t\t\t\t\t\tUbicaci\u00f3 de la teva terrassa o jard\u00ed\t\t\t\t\t\t\t<\/label>\n\t\t\t\t\t\t\t\t\t\t\t\t\t\t<input size=\"1\" type=\"text\" name=\"form_fields[field_0827618]\" id=\"form-field-field_0827618\" class=\"elementor-field elementor-size-sm  elementor-field-textual\" required=\"required\">\n\t\t\t\t\t\t\t\t\t\t\t<\/div>\n\t\t\t\t\t\t\t\t<div class=\"elementor-field-type-textarea elementor-field-group elementor-column elementor-field-group-message elementor-col-100 elementor-field-required elementor-mark-required\">\n\t\t\t\t\t\t\t\t\t\t\t\t<label for=\"form-field-message\" class=\"elementor-field-label\">\n\t\t\t\t\t\t\t\tEl teu missatge\t\t\t\t\t\t\t<\/label>\n\t\t\t\t\t\t<textarea class=\"elementor-field-textual elementor-field  elementor-size-sm\" name=\"form_fields[message]\" id=\"form-field-message\" rows=\"4\" required=\"required\"><\/textarea>\t\t\t\t<\/div>\n\t\t\t\t\t\t\t\t<div class=\"elementor-field-type-select elementor-field-group elementor-column elementor-field-group-field_14cfcac elementor-col-100 elementor-field-required elementor-mark-required\">\n\t\t\t\t\t\t\t\t\t\t\t\t<label for=\"form-field-field_14cfcac\" class=\"elementor-field-label\">\n\t\t\t\t\t\t\t\t\u00bfC\u00f3mo nos has conocido?\t\t\t\t\t\t\t<\/label>\n\t\t\t\t\t\t\t\t<div class=\"elementor-field elementor-select-wrapper remove-before\">\n\t\t\t<div class=\"select-caret-down-wrapper\">\n\t\t\t\t<i aria-hidden=\"true\" class=\"eicon-caret-down\"><\/i>\t\t\t<\/div>\n\t\t\t<select name=\"form_fields[field_14cfcac]\" id=\"form-field-field_14cfcac\" class=\"elementor-field-textual elementor-size-sm\" required=\"required\">\n\t\t\t\t\t\t\t\t\t<option value=\"Recomendaci\u00f3n personal\">Recomendaci\u00f3n personal<\/option>\n\t\t\t\t\t\t\t\t\t<option value=\"Instagram\">Instagram<\/option>\n\t\t\t\t\t\t\t\t\t<option value=\"B\u00fasqueda en Google\">B\u00fasqueda en Google<\/option>\n\t\t\t\t\t\t\t\t\t<option value=\"Otro\">Otro<\/option>\n\t\t\t\t\t\t\t<\/select>\n\t\t<\/div>\n\t\t\t\t\t\t<\/div>\n\t\t\t\t\t\t\t\t<div class=\"elementor-field-type-acceptance elementor-field-group elementor-column elementor-field-group-field_62af72c elementor-col-100 elementor-field-required elementor-mark-required\">\n\t\t\t\t\t\t\t<div class=\"elementor-field-subgroup\">\n\t\t\t<span class=\"elementor-field-option\">\n\t\t\t\t<input type=\"checkbox\" name=\"form_fields[field_62af72c]\" id=\"form-field-field_62af72c\" class=\"elementor-field elementor-size-sm  elementor-acceptance-field\" required=\"required\">\n\t\t\t\t<label for=\"form-field-field_62af72c\">He le\u00eddo y acepto la informaci\u00f3n sobre protecci\u00f3n de datos:<\/label>\t\t\t<\/span>\n\t\t<\/div>\n\t\t\t\t\t\t<\/div>\n\t\t\t\t\t\t\t\t<div class=\"elementor-field-type-html elementor-field-group elementor-column elementor-field-group-field_3f7dd75 elementor-col-100\">\n\t\t\t\t\t<p style=\"font-size:14px; margin:0 0 8px 0; line-height:1.4em; color:#666666;\">\nSus datos son utilizados para gestionar las consultas que se realizan a\ntrav\u00e9s de nuestra web mediante su tratamiento como \"Formulario\nWeb\". La base legal para el tratamiento de sus datos es su\nconsentimiento expl\u00edcito, prestado a trav\u00e9s de la aceptaci\u00f3n del\nCheckbox. No se ceder\u00e1n datos a terceros, salvo obligaci\u00f3n legal.\nPodr\u00e1 acceder, rectificar y suprimir los datos as\u00ed como otros derechos,\ntal y como se explica en la informaci\u00f3n adicional, que podr\u00e1\nconsultarla en nuestra p\u00e1gina web <a href=\"\/ca\/www.teodorabcn.com\/\">www.teodorabcn.com<\/a><\/p>\t\t\t\t<\/div>\n\t\t\t\t\t\t\t\t<div class=\"elementor-field-type-recaptcha_v3 elementor-field-group elementor-column elementor-field-group-field_aa7c648 elementor-col-100 recaptcha_v3-bottomright\">\n\t\t\t\t\t<div class=\"elementor-field\" id=\"form-field-field_aa7c648\"><div class=\"elementor-g-recaptcha\" data-sitekey=\"6LcRqxgpAAAAAGzSA76eZeei7K2dPK5NEZ5vz4ak\" data-type=\"v3\" data-action=\"Form\" data-badge=\"bottomright\" data-size=\"invisible\"><\/div><\/div>\t\t\t\t<\/div>\n\t\t\t\t\t\t\t\t<div class=\"elementor-field-type-text\">\n\t\t\t\t\t<input size=\"1\" type=\"text\" name=\"form_fields[field_e926e32]\" id=\"form-field-field_e926e32\" class=\"elementor-field elementor-size-sm\" style=\"display:none !important;\">\t\t\t\t<\/div>\n\t\t\t\t\t\t\t\t<div class=\"elementor-field-group elementor-column elementor-field-type-submit elementor-col-100 e-form__buttons\">\n\t\t\t\t\t<button class=\"elementor-button elementor-size-sm\" type=\"submit\">\n\t\t\t\t\t\t<span class=\"elementor-button-content-wrapper\">\n\t\t\t\t\t\t\t\t\t\t\t\t\t\t\t\t\t\t\t\t\t\t<span class=\"elementor-button-text\">Enviar<\/span>\n\t\t\t\t\t\t\t\t\t\t\t\t\t<\/span>\n\t\t\t\t\t<\/button>\n\t\t\t\t<\/div>\n\t\t\t<\/div>\n\t\t<input type=\"hidden\" name=\"trp-form-language\" value=\"ca\"\/><\/form>\n\t\t\t\t\t\t<\/div>\n\t\t\t\t<\/div>\n\t\t\t\t<\/div>\n\t\t\t\t\t<\/div>\n\t\t\t\t<\/div>\n\t\t<div class=\"elementor-element elementor-element-e539716 e-con-full e-flex e-con e-parent\" data-id=\"e539716\" data-element_type=\"container\">\n\t\t\t\t<div class=\"elementor-element elementor-element-42ff890 elementor-widget-divider--view-line elementor-widget elementor-widget-divider\" data-id=\"42ff890\" data-element_type=\"widget\" data-widget_type=\"divider.default\">\n\t\t\t\t<div class=\"elementor-widget-container\">\n\t\t\t\t\t\t\t<div class=\"elementor-divider\">\n\t\t\t<span class=\"elementor-divider-separator\">\n\t\t\t\t\t\t<\/span>\n\t\t<\/div>\n\t\t\t\t\t\t<\/div>\n\t\t\t\t<\/div>\n\t\t\t\t<div class=\"elementor-element elementor-element-8532efc elementor-widget elementor-widget-image\" data-id=\"8532efc\" data-element_type=\"widget\" data-widget_type=\"image.default\">\n\t\t\t\t<div class=\"elementor-widget-container\">\n\t\t\t\t\t\t\t\t\t\t\t\t\t\t\t<img fetchpriority=\"high\" decoding=\"async\" width=\"1200\" height=\"300\" src=\"https:\/\/teodorabcn.com\/wp-content\/uploads\/2025\/05\/banner-large-contacto-teodora.png\" class=\"attachment-full size-full wp-image-3011\" alt=\"\" srcset=\"https:\/\/teodorabcn.com\/wp-content\/uploads\/2025\/05\/banner-large-contacto-teodora.png 1200w, https:\/\/teodorabcn.com\/wp-content\/uploads\/2025\/05\/banner-large-contacto-teodora-300x75.png 300w, https:\/\/teodorabcn.com\/wp-content\/uploads\/2025\/05\/banner-large-contacto-teodora-1024x256.png 1024w, https:\/\/teodorabcn.com\/wp-content\/uploads\/2025\/05\/banner-large-contacto-teodora-768x192.png 768w, https:\/\/teodorabcn.com\/wp-content\/uploads\/2025\/05\/banner-large-contacto-teodora-18x5.png 18w\" sizes=\"(max-width: 1200px) 100vw, 1200px\" \/>\t\t\t\t\t\t\t\t\t\t\t\t\t\t\t<\/div>\n\t\t\t\t<\/div>\n\t\t\t\t<\/div>\n\t\t\t\t<\/div>","protected":false},"excerpt":{"rendered":"<p>Tienda \/ Showroom c\/Madrazo, 143, 08021 Barcelona+ 34 93 00 42 733 info@teodorabcn.com HorarioLunes \u2013 Jueves 9h a 17hViernes\u00a0 9h a 14hS\u00e1bados cerrado Taller \/ Warehouse C\/ Joan d\u2019Austria, 84, 08018 Barcelona<\/p>","protected":false},"author":4,"featured_media":2890,"parent":0,"menu_order":0,"comment_status":"closed","ping_status":"closed","template":"elementor_header_footer","meta":{"footnotes":""},"class_list":["post-67","page","type-page","status-publish","has-post-thumbnail","hentry"],"yoast_head":"<!-- This site is optimized with the Yoast SEO plugin v26.6 - https:\/\/yoast.com\/wordpress\/plugins\/seo\/ -->\n<title>Contacto - Teodora<\/title>\n<meta name=\"description\" content=\"En nuestra p\u00e1gina de contacto, tendr\u00e1s a tu disposici\u00f3n nuestras v\u00edas de contacto para que puedas preguntarnos todas tus dudas.\" \/>\n<meta name=\"robots\" content=\"index, follow, max-snippet:-1, max-image-preview:large, max-video-preview:-1\" \/>\n<link rel=\"canonical\" href=\"https:\/\/teodorabcn.com\/ca\/contacto\/\" \/>\n<meta property=\"og:locale\" content=\"ca_ES\" \/>\n<meta property=\"og:type\" content=\"article\" \/>\n<meta property=\"og:title\" content=\"Contacto - Teodora\" \/>\n<meta property=\"og:description\" content=\"En nuestra p\u00e1gina de contacto, tendr\u00e1s a tu disposici\u00f3n nuestras v\u00edas de contacto para que puedas preguntarnos todas tus dudas.\" \/>\n<meta property=\"og:url\" content=\"https:\/\/teodorabcn.com\/ca\/contacto\/\" \/>\n<meta property=\"og:site_name\" content=\"Teodora\" \/>\n<meta property=\"article:publisher\" content=\"https:\/\/www.facebook.com\/profile.php?id=61550838347854\" \/>\n<meta property=\"article:modified_time\" content=\"2025-09-22T11:56:05+00:00\" \/>\n<meta property=\"og:image\" content=\"https:\/\/teodorabcn.com\/wp-content\/uploads\/2025\/04\/teodora.jpg\" \/>\n\t<meta property=\"og:image:width\" content=\"2100\" \/>\n\t<meta property=\"og:image:height\" content=\"1080\" \/>\n\t<meta property=\"og:image:type\" content=\"image\/jpeg\" \/>\n<meta name=\"twitter:card\" content=\"summary_large_image\" \/>\n<meta name=\"twitter:label1\" content=\"Temps estimat de lectura\" \/>\n\t<meta name=\"twitter:data1\" content=\"1 minut\" \/>\n<script type=\"application\/ld+json\" class=\"yoast-schema-graph\">{\"@context\":\"https:\/\/schema.org\",\"@graph\":[{\"@type\":\"WebPage\",\"@id\":\"https:\/\/teodorabcn.com\/contacto\/\",\"url\":\"https:\/\/teodorabcn.com\/contacto\/\",\"name\":\"Contacto - Teodora\",\"isPartOf\":{\"@id\":\"https:\/\/teodorabcn.com\/#website\"},\"primaryImageOfPage\":{\"@id\":\"https:\/\/teodorabcn.com\/contacto\/#primaryimage\"},\"image\":{\"@id\":\"https:\/\/teodorabcn.com\/contacto\/#primaryimage\"},\"thumbnailUrl\":\"https:\/\/teodorabcn.com\/wp-content\/uploads\/2025\/04\/teodora.jpg\",\"datePublished\":\"2023-10-18T11:10:46+00:00\",\"dateModified\":\"2025-09-22T11:56:05+00:00\",\"description\":\"En nuestra p\u00e1gina de contacto, tendr\u00e1s a tu disposici\u00f3n nuestras v\u00edas de contacto para que puedas preguntarnos todas tus dudas.\",\"breadcrumb\":{\"@id\":\"https:\/\/teodorabcn.com\/contacto\/#breadcrumb\"},\"inLanguage\":\"ca\",\"potentialAction\":[{\"@type\":\"ReadAction\",\"target\":[\"https:\/\/teodorabcn.com\/contacto\/\"]}]},{\"@type\":\"ImageObject\",\"inLanguage\":\"ca\",\"@id\":\"https:\/\/teodorabcn.com\/contacto\/#primaryimage\",\"url\":\"https:\/\/teodorabcn.com\/wp-content\/uploads\/2025\/04\/teodora.jpg\",\"contentUrl\":\"https:\/\/teodorabcn.com\/wp-content\/uploads\/2025\/04\/teodora.jpg\",\"width\":2100,\"height\":1080,\"caption\":\"teodora\"},{\"@type\":\"BreadcrumbList\",\"@id\":\"https:\/\/teodorabcn.com\/contacto\/#breadcrumb\",\"itemListElement\":[{\"@type\":\"ListItem\",\"position\":1,\"name\":\"Portada\",\"item\":\"https:\/\/teodorabcn.com\/\"},{\"@type\":\"ListItem\",\"position\":2,\"name\":\"Contacto\"}]},{\"@type\":\"WebSite\",\"@id\":\"https:\/\/teodorabcn.com\/#website\",\"url\":\"https:\/\/teodorabcn.com\/\",\"name\":\"Teodora Exteriorismo\",\"description\":\"Creamos terrazas y jardines con car\u00e1cter.\",\"publisher\":{\"@id\":\"https:\/\/teodorabcn.com\/#organization\"},\"alternateName\":\"Teodora\",\"potentialAction\":[{\"@type\":\"SearchAction\",\"target\":{\"@type\":\"EntryPoint\",\"urlTemplate\":\"https:\/\/teodorabcn.com\/?s={search_term_string}\"},\"query-input\":{\"@type\":\"PropertyValueSpecification\",\"valueRequired\":true,\"valueName\":\"search_term_string\"}}],\"inLanguage\":\"ca\"},{\"@type\":\"Organization\",\"@id\":\"https:\/\/teodorabcn.com\/#organization\",\"name\":\"Teodora Exteriorismo\",\"alternateName\":\"Teodora\",\"url\":\"https:\/\/teodorabcn.com\/\",\"logo\":{\"@type\":\"ImageObject\",\"inLanguage\":\"ca\",\"@id\":\"https:\/\/teodorabcn.com\/#\/schema\/logo\/image\/\",\"url\":\"https:\/\/teodorabcn.com\/wp-content\/uploads\/2023\/10\/Teodora_logo-_EXT-Ok-ESP-e1706538305612.jpg\",\"contentUrl\":\"https:\/\/teodorabcn.com\/wp-content\/uploads\/2023\/10\/Teodora_logo-_EXT-Ok-ESP-e1706538305612.jpg\",\"width\":1540,\"height\":573,\"caption\":\"Teodora Exteriorismo\"},\"image\":{\"@id\":\"https:\/\/teodorabcn.com\/#\/schema\/logo\/image\/\"},\"sameAs\":[\"https:\/\/www.facebook.com\/profile.php?id=61550838347854\",\"https:\/\/www.instagram.com\/teodora.exteriorismo\/?hl=es\",\"https:\/\/www.pinterest.es\/teodora_exteriorismo\/\",\"https:\/\/www.linkedin.com\/company\/teodora-bcn-exteriorismo\/\"]}]}<\/script>\n<!-- \/ Yoast SEO plugin. -->","yoast_head_json":{"title":"Contacto - Teodora","description":"En nuestra p\u00e1gina de contacto, tendr\u00e1s a tu disposici\u00f3n nuestras v\u00edas de contacto para que puedas preguntarnos todas tus dudas.","robots":{"index":"index","follow":"follow","max-snippet":"max-snippet:-1","max-image-preview":"max-image-preview:large","max-video-preview":"max-video-preview:-1"},"canonical":"https:\/\/teodorabcn.com\/ca\/contacto\/","og_locale":"ca_ES","og_type":"article","og_title":"Contacto - Teodora","og_description":"En nuestra p\u00e1gina de contacto, tendr\u00e1s a tu disposici\u00f3n nuestras v\u00edas de contacto para que puedas preguntarnos todas tus dudas.","og_url":"https:\/\/teodorabcn.com\/ca\/contacto\/","og_site_name":"Teodora","article_publisher":"https:\/\/www.facebook.com\/profile.php?id=61550838347854","article_modified_time":"2025-09-22T11:56:05+00:00","og_image":[{"width":2100,"height":1080,"url":"https:\/\/teodorabcn.com\/wp-content\/uploads\/2025\/04\/teodora.jpg","type":"image\/jpeg"}],"twitter_card":"summary_large_image","twitter_misc":{"Temps estimat de lectura":"1 minut"},"schema":{"@context":"https:\/\/schema.org","@graph":[{"@type":"WebPage","@id":"https:\/\/teodorabcn.com\/contacto\/","url":"https:\/\/teodorabcn.com\/contacto\/","name":"Contacto - Teodora","isPartOf":{"@id":"https:\/\/teodorabcn.com\/#website"},"primaryImageOfPage":{"@id":"https:\/\/teodorabcn.com\/contacto\/#primaryimage"},"image":{"@id":"https:\/\/teodorabcn.com\/contacto\/#primaryimage"},"thumbnailUrl":"https:\/\/teodorabcn.com\/wp-content\/uploads\/2025\/04\/teodora.jpg","datePublished":"2023-10-18T11:10:46+00:00","dateModified":"2025-09-22T11:56:05+00:00","description":"En nuestra p\u00e1gina de contacto, tendr\u00e1s a tu disposici\u00f3n nuestras v\u00edas de contacto para que puedas preguntarnos todas tus dudas.","breadcrumb":{"@id":"https:\/\/teodorabcn.com\/contacto\/#breadcrumb"},"inLanguage":"ca","potentialAction":[{"@type":"ReadAction","target":["https:\/\/teodorabcn.com\/contacto\/"]}]},{"@type":"ImageObject","inLanguage":"ca","@id":"https:\/\/teodorabcn.com\/contacto\/#primaryimage","url":"https:\/\/teodorabcn.com\/wp-content\/uploads\/2025\/04\/teodora.jpg","contentUrl":"https:\/\/teodorabcn.com\/wp-content\/uploads\/2025\/04\/teodora.jpg","width":2100,"height":1080,"caption":"teodora"},{"@type":"BreadcrumbList","@id":"https:\/\/teodorabcn.com\/contacto\/#breadcrumb","itemListElement":[{"@type":"ListItem","position":1,"name":"Portada","item":"https:\/\/teodorabcn.com\/"},{"@type":"ListItem","position":2,"name":"Contacto"}]},{"@type":"WebSite","@id":"https:\/\/teodorabcn.com\/#website","url":"https:\/\/teodorabcn.com\/","name":"Teodora Exteriorisme","description":"Creamos terrazas y jardines con car\u00e1cter.","publisher":{"@id":"https:\/\/teodorabcn.com\/#organization"},"alternateName":"Teodora","potentialAction":[{"@type":"SearchAction","target":{"@type":"EntryPoint","urlTemplate":"https:\/\/teodorabcn.com\/?s={search_term_string}"},"query-input":{"@type":"PropertyValueSpecification","valueRequired":true,"valueName":"search_term_string"}}],"inLanguage":"ca"},{"@type":"Organization","@id":"https:\/\/teodorabcn.com\/#organization","name":"Teodora Exteriorisme","alternateName":"Teodora","url":"https:\/\/teodorabcn.com\/","logo":{"@type":"ImageObject","inLanguage":"ca","@id":"https:\/\/teodorabcn.com\/#\/schema\/logo\/image\/","url":"https:\/\/teodorabcn.com\/wp-content\/uploads\/2023\/10\/Teodora_logo-_EXT-Ok-ESP-e1706538305612.jpg","contentUrl":"https:\/\/teodorabcn.com\/wp-content\/uploads\/2023\/10\/Teodora_logo-_EXT-Ok-ESP-e1706538305612.jpg","width":1540,"height":573,"caption":"Teodora Exteriorismo"},"image":{"@id":"https:\/\/teodorabcn.com\/#\/schema\/logo\/image\/"},"sameAs":["https:\/\/www.facebook.com\/profile.php?id=61550838347854","https:\/\/www.instagram.com\/teodora.exteriorismo\/?hl=es","https:\/\/www.pinterest.es\/teodora_exteriorismo\/","https:\/\/www.linkedin.com\/company\/teodora-bcn-exteriorismo\/"]}]}},"_links":{"self":[{"href":"https:\/\/teodorabcn.com\/ca\/wp-json\/wp\/v2\/pages\/67","targetHints":{"allow":["GET"]}}],"collection":[{"href":"https:\/\/teodorabcn.com\/ca\/wp-json\/wp\/v2\/pages"}],"about":[{"href":"https:\/\/teodorabcn.com\/ca\/wp-json\/wp\/v2\/types\/page"}],"author":[{"embeddable":true,"href":"https:\/\/teodorabcn.com\/ca\/wp-json\/wp\/v2\/users\/4"}],"replies":[{"embeddable":true,"href":"https:\/\/teodorabcn.com\/ca\/wp-json\/wp\/v2\/comments?post=67"}],"version-history":[{"count":132,"href":"https:\/\/teodorabcn.com\/ca\/wp-json\/wp\/v2\/pages\/67\/revisions"}],"predecessor-version":[{"id":3210,"href":"https:\/\/teodorabcn.com\/ca\/wp-json\/wp\/v2\/pages\/67\/revisions\/3210"}],"wp:featuredmedia":[{"embeddable":true,"href":"https:\/\/teodorabcn.com\/ca\/wp-json\/wp\/v2\/media\/2890"}],"wp:attachment":[{"href":"https:\/\/teodorabcn.com\/ca\/wp-json\/wp\/v2\/media?parent=67"}],"curies":[{"name":"wp","href":"https:\/\/api.w.org\/{rel}","templated":true}]}}