{"id":1668,"date":"2024-01-08T15:42:14","date_gmt":"2024-01-08T14:42:14","guid":{"rendered":"https:\/\/teodorabcn.com\/?page_id=1668"},"modified":"2024-01-11T02:13:00","modified_gmt":"2024-01-11T01:13:00","slug":"terrazas-de-hoteles-y-restaurantes","status":"publish","type":"page","link":"https:\/\/teodorabcn.com\/ca\/terrazas-de-hoteles-y-restaurantes\/","title":{"rendered":"Terrasses d'hotels i restaurants"},"content":{"rendered":"<div data-elementor-type=\"wp-page\" data-elementor-id=\"1668\" class=\"elementor elementor-1668\" data-elementor-post-type=\"page\">\n\t\t\t\t<div class=\"elementor-element elementor-element-80093c8 e-con-full elementor-hidden-tablet elementor-hidden-mobile e-flex e-con e-parent\" data-id=\"80093c8\" data-element_type=\"container\">\n\t\t<div class=\"elementor-element elementor-element-ab214fb e-con-full e-flex e-con e-child\" data-id=\"ab214fb\" data-element_type=\"container\">\n\t\t\t\t<div class=\"elementor-element elementor-element-27e1012 elementor-widget elementor-widget-heading\" data-id=\"27e1012\" data-element_type=\"widget\" data-widget_type=\"heading.default\">\n\t\t\t\t<div class=\"elementor-widget-container\">\n\t\t\t\t\t<h2 class=\"elementor-heading-title elementor-size-default\">ELS NOSTRES PROJECTES<\/h2>\t\t\t\t<\/div>\n\t\t\t\t<\/div>\n\t\t\t\t<div class=\"elementor-element elementor-element-7a05d4f elementor-widget elementor-widget-heading\" data-id=\"7a05d4f\" data-element_type=\"widget\" data-widget_type=\"heading.default\">\n\t\t\t\t<div class=\"elementor-widget-container\">\n\t\t\t\t\t<h2 class=\"elementor-heading-title elementor-size-default\">Terrasses d'hotels i restaurants<\/h2>\t\t\t\t<\/div>\n\t\t\t\t<\/div>\n\t\t\t\t<div class=\"elementor-element elementor-element-14fbcbb elementor-widget elementor-widget-button\" data-id=\"14fbcbb\" data-element_type=\"widget\" data-widget_type=\"button.default\">\n\t\t\t\t<div class=\"elementor-widget-container\">\n\t\t\t\t\t\t\t\t\t<div class=\"elementor-button-wrapper\">\n\t\t\t\t\t<a class=\"elementor-button elementor-button-link elementor-size-sm\" href=\"https:\/\/teodorabcn.com\/ca\/portfolio\/\">\n\t\t\t\t\t\t<span class=\"elementor-button-content-wrapper\">\n\t\t\t\t\t\t\t\t\t<span class=\"elementor-button-text\">Veure tots els projectes<\/span>\n\t\t\t\t\t<\/span>\n\t\t\t\t\t<\/a>\n\t\t\t\t<\/div>\n\t\t\t\t\t\t\t\t<\/div>\n\t\t\t\t<\/div>\n\t\t\t\t<\/div>\n\t\t<div class=\"elementor-element elementor-element-20acf81 e-con-full e-flex e-con e-child\" data-id=\"20acf81\" data-element_type=\"container\">\n\t\t\t\t<div class=\"elementor-element elementor-element-113a6f5 elementor-widget elementor-widget-heading\" data-id=\"113a6f5\" data-element_type=\"widget\" data-widget_type=\"heading.default\">\n\t\t\t\t<div class=\"elementor-widget-container\">\n\t\t\t\t\t<h2 class=\"elementor-heading-title elementor-size-default translation-block\">Fem realitat tot all\u00f2 <br> que t'agradaria tenir a prop <br>quan est\u00e0s a l'aire lliure<\/h2>\t\t\t\t<\/div>\n\t\t\t\t<\/div>\n\t\t\t\t<div class=\"elementor-element elementor-element-b421be6 elementor-widget elementor-widget-text-editor\" data-id=\"b421be6\" data-element_type=\"widget\" data-widget_type=\"text-editor.default\">\n\t\t\t\t<div class=\"elementor-widget-container\">\n\t\t\t\t\t\t\t\t\t<p class=\"translation-block\">Transformem espais exteriors des de fa<strong> m\u00e9s de vint anys.<\/strong> Som un equip d'exterioristes que projectem terrasses i jardins des del nostre estudi de Sant Gervasi-Galvany. I al mateix temps fabriquem propostes de<strong> mobiliari personalitzat des del nostre taller<\/strong> del Poble Nou.<\/p><p class=\"translation-block\">Som un <strong>equip d'exterioristes dirigit per Ignasi Bisbe, creador del concepte <em>Exteriorisme<\/em><\/strong>, que dissenyem projectes integrals, \u00fanics, funcionals i bells per a tota mena d'espais exteriors.<\/p>\t\t\t\t\t\t\t\t<\/div>\n\t\t\t\t<\/div>\n\t\t\t\t<\/div>\n\t\t\t\t<\/div>\n\t\t<div class=\"elementor-element elementor-element-37dc856 e-con-full e-flex e-con e-parent\" data-id=\"37dc856\" data-element_type=\"container\">\n\t\t\t\t<div class=\"elementor-element elementor-element-6cc7538 elementor-grid-3 elementor-grid-tablet-2 elementor-grid-mobile-1 elementor-widget elementor-widget-portfolio\" data-id=\"6cc7538\" data-element_type=\"widget\" data-settings=\"{&quot;row_gap&quot;:{&quot;unit&quot;:&quot;px&quot;,&quot;size&quot;:30,&quot;sizes&quot;:[]},&quot;columns&quot;:&quot;3&quot;,&quot;columns_tablet&quot;:&quot;2&quot;,&quot;columns_mobile&quot;:&quot;1&quot;,&quot;item_ratio&quot;:{&quot;unit&quot;:&quot;px&quot;,&quot;size&quot;:0.66,&quot;sizes&quot;:[]},&quot;item_gap&quot;:{&quot;unit&quot;:&quot;px&quot;,&quot;size&quot;:&quot;&quot;,&quot;sizes&quot;:[]}}\" data-widget_type=\"portfolio.default\">\n\t\t\t\t<div class=\"elementor-widget-container\">\n\t\t\t\t\t\t\t<div class=\"elementor-portfolio elementor-grid elementor-posts-container\" role=\"list\">\n\t\t\t\t<article class=\"elementor-portfolio-item elementor-post elementor-filter-17 post-925 proyecto type-proyecto status-publish has-post-thumbnail hentry categoria_proyecto-terrazas-hoteles-y-restaurantes\" role=\"listitem\">\n\t\t\t<a class=\"elementor-post__thumbnail__link\" href=\"https:\/\/teodorabcn.com\/ca\/proyecto\/restaurante-twist-hotel-sixties\/\">\n\t\t\t\t<div class=\"elementor-portfolio-item__img elementor-post__thumbnail\">\n\t\t\t<img fetchpriority=\"high\" decoding=\"async\" width=\"1500\" height=\"1000\" src=\"https:\/\/teodorabcn.com\/wp-content\/uploads\/2023\/10\/restaurante-twist-hotel-sixties.jpg\" class=\"attachment-full size-full wp-image-1635\" alt=\"restaurante-twist-hotel-sixties\" srcset=\"https:\/\/teodorabcn.com\/wp-content\/uploads\/2023\/10\/restaurante-twist-hotel-sixties.jpg 1500w, https:\/\/teodorabcn.com\/wp-content\/uploads\/2023\/10\/restaurante-twist-hotel-sixties-300x200.jpg 300w, https:\/\/teodorabcn.com\/wp-content\/uploads\/2023\/10\/restaurante-twist-hotel-sixties-1024x683.jpg 1024w, https:\/\/teodorabcn.com\/wp-content\/uploads\/2023\/10\/restaurante-twist-hotel-sixties-768x512.jpg 768w\" sizes=\"(max-width: 1500px) 100vw, 1500px\" \/>\t\t<\/div>\n\t\t\t\t<div class=\"elementor-portfolio-item__overlay\">\n\t\t\t\t<h3 class=\"elementor-portfolio-item__title\">\n\t\tRestaurant Twist Hotel Sixties\t\t<\/h3>\n\t\t\t\t<\/div>\n\t\t\t\t<\/a>\n\t\t<\/article>\n\t\t\t\t<article class=\"elementor-portfolio-item elementor-post elementor-filter-17 post-560 proyecto type-proyecto status-publish has-post-thumbnail hentry categoria_proyecto-terrazas-hoteles-y-restaurantes\" role=\"listitem\">\n\t\t\t<a class=\"elementor-post__thumbnail__link\" href=\"https:\/\/teodorabcn.com\/ca\/proyecto\/hotel-me-sitges-terramar\/\">\n\t\t\t\t<div class=\"elementor-portfolio-item__img elementor-post__thumbnail\">\n\t\t\t<img decoding=\"async\" width=\"2000\" height=\"1345\" src=\"https:\/\/teodorabcn.com\/wp-content\/uploads\/2023\/10\/1-2.jpg\" class=\"attachment-full size-full wp-image-2853\" alt=\"Hotel Me Sitges Terramar\" srcset=\"https:\/\/teodorabcn.com\/wp-content\/uploads\/2023\/10\/1-2.jpg 2000w, https:\/\/teodorabcn.com\/wp-content\/uploads\/2023\/10\/1-2-300x202.jpg 300w, https:\/\/teodorabcn.com\/wp-content\/uploads\/2023\/10\/1-2-1024x689.jpg 1024w, https:\/\/teodorabcn.com\/wp-content\/uploads\/2023\/10\/1-2-768x516.jpg 768w, https:\/\/teodorabcn.com\/wp-content\/uploads\/2023\/10\/1-2-1536x1033.jpg 1536w, https:\/\/teodorabcn.com\/wp-content\/uploads\/2023\/10\/1-2-18x12.jpg 18w\" sizes=\"(max-width: 2000px) 100vw, 2000px\" \/>\t\t<\/div>\n\t\t\t\t<div class=\"elementor-portfolio-item__overlay\">\n\t\t\t\t<h3 class=\"elementor-portfolio-item__title\">\n\t\tl'Hotel Me Sitges Terramar\t\t<\/h3>\n\t\t\t\t<\/div>\n\t\t\t\t<\/a>\n\t\t<\/article>\n\t\t\t\t<article class=\"elementor-portfolio-item elementor-post elementor-filter-17 post-783 proyecto type-proyecto status-publish has-post-thumbnail hentry categoria_proyecto-terrazas-hoteles-y-restaurantes\" role=\"listitem\">\n\t\t\t<a class=\"elementor-post__thumbnail__link\" href=\"https:\/\/teodorabcn.com\/ca\/proyecto\/hotel-lemon_chic-and-basic\/\">\n\t\t\t\t<div class=\"elementor-portfolio-item__img elementor-post__thumbnail\">\n\t\t\t<img decoding=\"async\" width=\"2000\" height=\"1313\" src=\"https:\/\/teodorabcn.com\/wp-content\/uploads\/2023\/10\/HOTEL-LEMON_CHIC-AND-BASIC-TEODORA-1-1.jpg\" class=\"attachment-full size-full wp-image-2714\" alt=\"HOTEL LEMON_CHIC AND BASIC - TEODORA\" srcset=\"https:\/\/teodorabcn.com\/wp-content\/uploads\/2023\/10\/HOTEL-LEMON_CHIC-AND-BASIC-TEODORA-1-1.jpg 2000w, https:\/\/teodorabcn.com\/wp-content\/uploads\/2023\/10\/HOTEL-LEMON_CHIC-AND-BASIC-TEODORA-1-1-300x197.jpg 300w, https:\/\/teodorabcn.com\/wp-content\/uploads\/2023\/10\/HOTEL-LEMON_CHIC-AND-BASIC-TEODORA-1-1-1024x672.jpg 1024w, https:\/\/teodorabcn.com\/wp-content\/uploads\/2023\/10\/HOTEL-LEMON_CHIC-AND-BASIC-TEODORA-1-1-768x504.jpg 768w, https:\/\/teodorabcn.com\/wp-content\/uploads\/2023\/10\/HOTEL-LEMON_CHIC-AND-BASIC-TEODORA-1-1-1536x1008.jpg 1536w, https:\/\/teodorabcn.com\/wp-content\/uploads\/2023\/10\/HOTEL-LEMON_CHIC-AND-BASIC-TEODORA-1-1-18x12.jpg 18w\" sizes=\"(max-width: 2000px) 100vw, 2000px\" \/>\t\t<\/div>\n\t\t\t\t<div class=\"elementor-portfolio-item__overlay\">\n\t\t\t\t<h3 class=\"elementor-portfolio-item__title\">\n\t\tHotel Lemon Chic and Basic\t\t<\/h3>\n\t\t\t\t<\/div>\n\t\t\t\t<\/a>\n\t\t<\/article>\n\t\t\t\t<article class=\"elementor-portfolio-item elementor-post elementor-filter-17 post-471 proyecto type-proyecto status-publish has-post-thumbnail hentry categoria_proyecto-terrazas-hoteles-y-restaurantes\" role=\"listitem\">\n\t\t\t<a class=\"elementor-post__thumbnail__link\" href=\"https:\/\/teodorabcn.com\/ca\/proyecto\/hotel-royal-passeig-de-gracia\/\">\n\t\t\t\t<div class=\"elementor-portfolio-item__img elementor-post__thumbnail\">\n\t\t\t<img loading=\"lazy\" decoding=\"async\" width=\"1276\" height=\"850\" src=\"https:\/\/teodorabcn.com\/wp-content\/uploads\/2023\/10\/Hotel-Royal-Passeig-de-Gracia-1.jpg\" class=\"attachment-full size-full wp-image-2843\" alt=\"Hotel Royal Passeig de Gr\u00e0cia-1\" srcset=\"https:\/\/teodorabcn.com\/wp-content\/uploads\/2023\/10\/Hotel-Royal-Passeig-de-Gracia-1.jpg 1276w, https:\/\/teodorabcn.com\/wp-content\/uploads\/2023\/10\/Hotel-Royal-Passeig-de-Gracia-1-300x200.jpg 300w, https:\/\/teodorabcn.com\/wp-content\/uploads\/2023\/10\/Hotel-Royal-Passeig-de-Gracia-1-1024x682.jpg 1024w, https:\/\/teodorabcn.com\/wp-content\/uploads\/2023\/10\/Hotel-Royal-Passeig-de-Gracia-1-768x512.jpg 768w, https:\/\/teodorabcn.com\/wp-content\/uploads\/2023\/10\/Hotel-Royal-Passeig-de-Gracia-1-18x12.jpg 18w\" sizes=\"(max-width: 1276px) 100vw, 1276px\" \/>\t\t<\/div>\n\t\t\t\t<div class=\"elementor-portfolio-item__overlay\">\n\t\t\t\t<h3 class=\"elementor-portfolio-item__title\">\n\t\tHotel Royal Passeig de Gr\u00e0cia\t\t<\/h3>\n\t\t\t\t<\/div>\n\t\t\t\t<\/a>\n\t\t<\/article>\n\t\t\t\t<article class=\"elementor-portfolio-item elementor-post elementor-filter-17 post-457 proyecto type-proyecto status-publish has-post-thumbnail hentry categoria_proyecto-terrazas-hoteles-y-restaurantes\" role=\"listitem\">\n\t\t\t<a class=\"elementor-post__thumbnail__link\" href=\"https:\/\/teodorabcn.com\/ca\/proyecto\/hotel-velvet-chic-and-basic\/\">\n\t\t\t\t<div class=\"elementor-portfolio-item__img elementor-post__thumbnail\">\n\t\t\t<img loading=\"lazy\" decoding=\"async\" width=\"1275\" height=\"850\" src=\"https:\/\/teodorabcn.com\/wp-content\/uploads\/2023\/10\/chic_and_basic_Velvet_teerraza_sol_vistas_pared.jpg\" class=\"attachment-full size-full wp-image-459\" alt=\"chic_and_basic_Velvet_teerraza_sol_vistas_pared\" srcset=\"https:\/\/teodorabcn.com\/wp-content\/uploads\/2023\/10\/chic_and_basic_Velvet_teerraza_sol_vistas_pared.jpg 1275w, https:\/\/teodorabcn.com\/wp-content\/uploads\/2023\/10\/chic_and_basic_Velvet_teerraza_sol_vistas_pared-300x200.jpg 300w, https:\/\/teodorabcn.com\/wp-content\/uploads\/2023\/10\/chic_and_basic_Velvet_teerraza_sol_vistas_pared-1024x683.jpg 1024w, https:\/\/teodorabcn.com\/wp-content\/uploads\/2023\/10\/chic_and_basic_Velvet_teerraza_sol_vistas_pared-768x512.jpg 768w\" sizes=\"(max-width: 1275px) 100vw, 1275px\" \/>\t\t<\/div>\n\t\t\t\t<div class=\"elementor-portfolio-item__overlay\">\n\t\t\t\t<h3 class=\"elementor-portfolio-item__title\">\n\t\tHotel Velvet Chic and Basic\t\t<\/h3>\n\t\t\t\t<\/div>\n\t\t\t\t<\/a>\n\t\t<\/article>\n\t\t\t\t<article class=\"elementor-portfolio-item elementor-post elementor-filter-17 post-427 proyecto type-proyecto status-publish has-post-thumbnail hentry categoria_proyecto-terrazas-hoteles-y-restaurantes\" role=\"listitem\">\n\t\t\t<a class=\"elementor-post__thumbnail__link\" href=\"https:\/\/teodorabcn.com\/ca\/proyecto\/hotel-principal-madrid\/\">\n\t\t\t\t<div class=\"elementor-portfolio-item__img elementor-post__thumbnail\">\n\t\t\t<img loading=\"lazy\" decoding=\"async\" width=\"1308\" height=\"850\" src=\"https:\/\/teodorabcn.com\/wp-content\/uploads\/2023\/10\/terraza-hotel-principal-6.jpg\" class=\"attachment-full size-full wp-image-439\" alt=\"terraza-hotel-principal-6\" srcset=\"https:\/\/teodorabcn.com\/wp-content\/uploads\/2023\/10\/terraza-hotel-principal-6.jpg 1308w, https:\/\/teodorabcn.com\/wp-content\/uploads\/2023\/10\/terraza-hotel-principal-6-300x195.jpg 300w, https:\/\/teodorabcn.com\/wp-content\/uploads\/2023\/10\/terraza-hotel-principal-6-1024x665.jpg 1024w, https:\/\/teodorabcn.com\/wp-content\/uploads\/2023\/10\/terraza-hotel-principal-6-768x499.jpg 768w\" sizes=\"(max-width: 1308px) 100vw, 1308px\" \/>\t\t<\/div>\n\t\t\t\t<div class=\"elementor-portfolio-item__overlay\">\n\t\t\t\t<h3 class=\"elementor-portfolio-item__title\">\n\t\tl'Hotel Principal Madrid\t\t<\/h3>\n\t\t\t\t<\/div>\n\t\t\t\t<\/a>\n\t\t<\/article>\n\t\t\t\t<article class=\"elementor-portfolio-item elementor-post elementor-filter-17 post-441 proyecto type-proyecto status-publish has-post-thumbnail hentry categoria_proyecto-terrazas-hoteles-y-restaurantes\" role=\"listitem\">\n\t\t\t<a class=\"elementor-post__thumbnail__link\" href=\"https:\/\/teodorabcn.com\/ca\/proyecto\/hotel-the-serras\/\">\n\t\t\t\t<div class=\"elementor-portfolio-item__img elementor-post__thumbnail\">\n\t\t\t<img loading=\"lazy\" decoding=\"async\" width=\"1287\" height=\"850\" src=\"https:\/\/teodorabcn.com\/wp-content\/uploads\/2023\/10\/Hotel-The-Serras.png\" class=\"attachment-full size-full wp-image-455\" alt=\"Hotel The Serras\" srcset=\"https:\/\/teodorabcn.com\/wp-content\/uploads\/2023\/10\/Hotel-The-Serras.png 1287w, https:\/\/teodorabcn.com\/wp-content\/uploads\/2023\/10\/Hotel-The-Serras-300x198.png 300w, https:\/\/teodorabcn.com\/wp-content\/uploads\/2023\/10\/Hotel-The-Serras-1024x676.png 1024w, https:\/\/teodorabcn.com\/wp-content\/uploads\/2023\/10\/Hotel-The-Serras-768x507.png 768w\" sizes=\"(max-width: 1287px) 100vw, 1287px\" \/>\t\t<\/div>\n\t\t\t\t<div class=\"elementor-portfolio-item__overlay\">\n\t\t\t\t<h3 class=\"elementor-portfolio-item__title\">\n\t\tHotel The Serras\t\t<\/h3>\n\t\t\t\t<\/div>\n\t\t\t\t<\/a>\n\t\t<\/article>\n\t\t\t\t<\/div>\n\t\t\t\t\t\t<\/div>\n\t\t\t\t<\/div>\n\t\t\t\t<\/div>\n\t\t\t\t<\/div>","protected":false},"excerpt":{"rendered":"<p>NUESTROS PROYECTOS Terrazas de hoteles y restaurantes Ver todos proyectos Hacemos realidad todo aquello que te gustar\u00eda tener cerca cuando est\u00e1s al aire libre Transformamos espacios exteriores desde hace m\u00e1s de veinte a\u00f1os. Somos un equipo de exterioristas que proyectamos terrazas y jardines desde nuestro estudio de Sant Gervasi-Galvany. Y al mismo tiempo fabricamos propuestas [&hellip;]<\/p>","protected":false},"author":4,"featured_media":0,"parent":0,"menu_order":0,"comment_status":"closed","ping_status":"closed","template":"","meta":{"footnotes":""},"class_list":["post-1668","page","type-page","status-publish","hentry"],"yoast_head":"<!-- This site is optimized with the Yoast SEO plugin v26.6 - https:\/\/yoast.com\/wordpress\/plugins\/seo\/ -->\n<title>Terrazas de hoteles y restaurantes - Teodora<\/title>\n<meta name=\"robots\" content=\"index, follow, max-snippet:-1, max-image-preview:large, max-video-preview:-1\" \/>\n<link rel=\"canonical\" href=\"https:\/\/teodorabcn.com\/ca\/terrazas-de-hoteles-y-restaurantes\/\" \/>\n<meta property=\"og:locale\" content=\"ca_ES\" \/>\n<meta property=\"og:type\" content=\"article\" \/>\n<meta property=\"og:title\" content=\"Terrazas de hoteles y restaurantes - Teodora\" \/>\n<meta property=\"og:description\" content=\"NUESTROS PROYECTOS Terrazas de hoteles y restaurantes Ver todos proyectos Hacemos realidad todo aquello que te gustar\u00eda tener cerca cuando est\u00e1s al aire libre Transformamos espacios exteriores desde hace m\u00e1s de veinte a\u00f1os. Somos un equipo de exterioristas que proyectamos terrazas y jardines desde nuestro estudio de Sant Gervasi-Galvany. Y al mismo tiempo fabricamos propuestas [&hellip;]\" \/>\n<meta property=\"og:url\" content=\"https:\/\/teodorabcn.com\/ca\/terrazas-de-hoteles-y-restaurantes\/\" \/>\n<meta property=\"og:site_name\" content=\"Teodora\" \/>\n<meta property=\"article:publisher\" content=\"https:\/\/www.facebook.com\/profile.php?id=61550838347854\" \/>\n<meta property=\"article:modified_time\" content=\"2024-01-11T01:13:00+00:00\" \/>\n<meta property=\"og:image\" content=\"https:\/\/teodorabcn.com\/wp-content\/uploads\/2023\/10\/Teodora_logo-_EXT-Ok-ESP-e1706538305612.jpg\" \/>\n\t<meta property=\"og:image:width\" content=\"1540\" \/>\n\t<meta property=\"og:image:height\" content=\"573\" \/>\n\t<meta property=\"og:image:type\" content=\"image\/jpeg\" \/>\n<meta name=\"twitter:card\" content=\"summary_large_image\" \/>\n<meta name=\"twitter:label1\" content=\"Temps estimat de lectura\" \/>\n\t<meta name=\"twitter:data1\" content=\"2 minuts\" \/>\n<script type=\"application\/ld+json\" class=\"yoast-schema-graph\">{\"@context\":\"https:\/\/schema.org\",\"@graph\":[{\"@type\":\"WebPage\",\"@id\":\"https:\/\/teodorabcn.com\/terrazas-de-hoteles-y-restaurantes\/\",\"url\":\"https:\/\/teodorabcn.com\/terrazas-de-hoteles-y-restaurantes\/\",\"name\":\"Terrazas de hoteles y restaurantes - Teodora\",\"isPartOf\":{\"@id\":\"https:\/\/teodorabcn.com\/#website\"},\"datePublished\":\"2024-01-08T14:42:14+00:00\",\"dateModified\":\"2024-01-11T01:13:00+00:00\",\"breadcrumb\":{\"@id\":\"https:\/\/teodorabcn.com\/terrazas-de-hoteles-y-restaurantes\/#breadcrumb\"},\"inLanguage\":\"ca\",\"potentialAction\":[{\"@type\":\"ReadAction\",\"target\":[\"https:\/\/teodorabcn.com\/terrazas-de-hoteles-y-restaurantes\/\"]}]},{\"@type\":\"BreadcrumbList\",\"@id\":\"https:\/\/teodorabcn.com\/terrazas-de-hoteles-y-restaurantes\/#breadcrumb\",\"itemListElement\":[{\"@type\":\"ListItem\",\"position\":1,\"name\":\"Portada\",\"item\":\"https:\/\/teodorabcn.com\/\"},{\"@type\":\"ListItem\",\"position\":2,\"name\":\"Terrazas de hoteles y restaurantes\"}]},{\"@type\":\"WebSite\",\"@id\":\"https:\/\/teodorabcn.com\/#website\",\"url\":\"https:\/\/teodorabcn.com\/\",\"name\":\"Teodora Exteriorismo\",\"description\":\"Creamos terrazas y jardines con car\u00e1cter.\",\"publisher\":{\"@id\":\"https:\/\/teodorabcn.com\/#organization\"},\"alternateName\":\"Teodora\",\"potentialAction\":[{\"@type\":\"SearchAction\",\"target\":{\"@type\":\"EntryPoint\",\"urlTemplate\":\"https:\/\/teodorabcn.com\/?s={search_term_string}\"},\"query-input\":{\"@type\":\"PropertyValueSpecification\",\"valueRequired\":true,\"valueName\":\"search_term_string\"}}],\"inLanguage\":\"ca\"},{\"@type\":\"Organization\",\"@id\":\"https:\/\/teodorabcn.com\/#organization\",\"name\":\"Teodora Exteriorismo\",\"alternateName\":\"Teodora\",\"url\":\"https:\/\/teodorabcn.com\/\",\"logo\":{\"@type\":\"ImageObject\",\"inLanguage\":\"ca\",\"@id\":\"https:\/\/teodorabcn.com\/#\/schema\/logo\/image\/\",\"url\":\"https:\/\/teodorabcn.com\/wp-content\/uploads\/2023\/10\/Teodora_logo-_EXT-Ok-ESP-e1706538305612.jpg\",\"contentUrl\":\"https:\/\/teodorabcn.com\/wp-content\/uploads\/2023\/10\/Teodora_logo-_EXT-Ok-ESP-e1706538305612.jpg\",\"width\":1540,\"height\":573,\"caption\":\"Teodora Exteriorismo\"},\"image\":{\"@id\":\"https:\/\/teodorabcn.com\/#\/schema\/logo\/image\/\"},\"sameAs\":[\"https:\/\/www.facebook.com\/profile.php?id=61550838347854\",\"https:\/\/www.instagram.com\/teodora.exteriorismo\/?hl=es\",\"https:\/\/www.pinterest.es\/teodora_exteriorismo\/\",\"https:\/\/www.linkedin.com\/company\/teodora-bcn-exteriorismo\/\"]}]}<\/script>\n<!-- \/ Yoast SEO plugin. -->","yoast_head_json":{"title":"Terrazas de hoteles y restaurantes - Teodora","robots":{"index":"index","follow":"follow","max-snippet":"max-snippet:-1","max-image-preview":"max-image-preview:large","max-video-preview":"max-video-preview:-1"},"canonical":"https:\/\/teodorabcn.com\/ca\/terrazas-de-hoteles-y-restaurantes\/","og_locale":"ca_ES","og_type":"article","og_title":"Terrazas de hoteles y restaurantes - Teodora","og_description":"NUESTROS PROYECTOS Terrazas de hoteles y restaurantes Ver todos proyectos Hacemos realidad todo aquello que te gustar\u00eda tener cerca cuando est\u00e1s al aire libre Transformamos espacios exteriores desde hace m\u00e1s de veinte a\u00f1os. Somos un equipo de exterioristas que proyectamos terrazas y jardines desde nuestro estudio de Sant Gervasi-Galvany. Y al mismo tiempo fabricamos propuestas [&hellip;]","og_url":"https:\/\/teodorabcn.com\/ca\/terrazas-de-hoteles-y-restaurantes\/","og_site_name":"Teodora","article_publisher":"https:\/\/www.facebook.com\/profile.php?id=61550838347854","article_modified_time":"2024-01-11T01:13:00+00:00","og_image":[{"width":1540,"height":573,"url":"https:\/\/teodorabcn.com\/wp-content\/uploads\/2023\/10\/Teodora_logo-_EXT-Ok-ESP-e1706538305612.jpg","type":"image\/jpeg"}],"twitter_card":"summary_large_image","twitter_misc":{"Temps estimat de lectura":"2 minuts"},"schema":{"@context":"https:\/\/schema.org","@graph":[{"@type":"WebPage","@id":"https:\/\/teodorabcn.com\/terrazas-de-hoteles-y-restaurantes\/","url":"https:\/\/teodorabcn.com\/terrazas-de-hoteles-y-restaurantes\/","name":"Terrazas de hoteles y restaurantes - Teodora","isPartOf":{"@id":"https:\/\/teodorabcn.com\/#website"},"datePublished":"2024-01-08T14:42:14+00:00","dateModified":"2024-01-11T01:13:00+00:00","breadcrumb":{"@id":"https:\/\/teodorabcn.com\/terrazas-de-hoteles-y-restaurantes\/#breadcrumb"},"inLanguage":"ca","potentialAction":[{"@type":"ReadAction","target":["https:\/\/teodorabcn.com\/terrazas-de-hoteles-y-restaurantes\/"]}]},{"@type":"BreadcrumbList","@id":"https:\/\/teodorabcn.com\/terrazas-de-hoteles-y-restaurantes\/#breadcrumb","itemListElement":[{"@type":"ListItem","position":1,"name":"Portada","item":"https:\/\/teodorabcn.com\/"},{"@type":"ListItem","position":2,"name":"Terrazas de hoteles y restaurantes"}]},{"@type":"WebSite","@id":"https:\/\/teodorabcn.com\/#website","url":"https:\/\/teodorabcn.com\/","name":"Teodora Exteriorisme","description":"Creamos terrazas y jardines con car\u00e1cter.","publisher":{"@id":"https:\/\/teodorabcn.com\/#organization"},"alternateName":"Teodora","potentialAction":[{"@type":"SearchAction","target":{"@type":"EntryPoint","urlTemplate":"https:\/\/teodorabcn.com\/?s={search_term_string}"},"query-input":{"@type":"PropertyValueSpecification","valueRequired":true,"valueName":"search_term_string"}}],"inLanguage":"ca"},{"@type":"Organization","@id":"https:\/\/teodorabcn.com\/#organization","name":"Teodora Exteriorisme","alternateName":"Teodora","url":"https:\/\/teodorabcn.com\/","logo":{"@type":"ImageObject","inLanguage":"ca","@id":"https:\/\/teodorabcn.com\/#\/schema\/logo\/image\/","url":"https:\/\/teodorabcn.com\/wp-content\/uploads\/2023\/10\/Teodora_logo-_EXT-Ok-ESP-e1706538305612.jpg","contentUrl":"https:\/\/teodorabcn.com\/wp-content\/uploads\/2023\/10\/Teodora_logo-_EXT-Ok-ESP-e1706538305612.jpg","width":1540,"height":573,"caption":"Teodora Exteriorismo"},"image":{"@id":"https:\/\/teodorabcn.com\/#\/schema\/logo\/image\/"},"sameAs":["https:\/\/www.facebook.com\/profile.php?id=61550838347854","https:\/\/www.instagram.com\/teodora.exteriorismo\/?hl=es","https:\/\/www.pinterest.es\/teodora_exteriorismo\/","https:\/\/www.linkedin.com\/company\/teodora-bcn-exteriorismo\/"]}]}},"_links":{"self":[{"href":"https:\/\/teodorabcn.com\/ca\/wp-json\/wp\/v2\/pages\/1668","targetHints":{"allow":["GET"]}}],"collection":[{"href":"https:\/\/teodorabcn.com\/ca\/wp-json\/wp\/v2\/pages"}],"about":[{"href":"https:\/\/teodorabcn.com\/ca\/wp-json\/wp\/v2\/types\/page"}],"author":[{"embeddable":true,"href":"https:\/\/teodorabcn.com\/ca\/wp-json\/wp\/v2\/users\/4"}],"replies":[{"embeddable":true,"href":"https:\/\/teodorabcn.com\/ca\/wp-json\/wp\/v2\/comments?post=1668"}],"version-history":[{"count":10,"href":"https:\/\/teodorabcn.com\/ca\/wp-json\/wp\/v2\/pages\/1668\/revisions"}],"predecessor-version":[{"id":1785,"href":"https:\/\/teodorabcn.com\/ca\/wp-json\/wp\/v2\/pages\/1668\/revisions\/1785"}],"wp:attachment":[{"href":"https:\/\/teodorabcn.com\/ca\/wp-json\/wp\/v2\/media?parent=1668"}],"curies":[{"name":"wp","href":"https:\/\/api.w.org\/{rel}","templated":true}]}}